{"id":759,"date":"2025-06-13T15:00:18","date_gmt":"2025-06-13T13:00:18","guid":{"rendered":"https:\/\/recercacompetecs.udl.cat\/codicri\/?page_id=759"},"modified":"2025-09-26T09:00:26","modified_gmt":"2025-09-26T07:00:26","slug":"participacion-en-congresos","status":"publish","type":"page","link":"https:\/\/recercacompetecs.udl.cat\/codicri\/productos-derivados\/participacion-en-congresos","title":{"rendered":"Congresos"},"content":{"rendered":"\t\t<div data-elementor-type=\"wp-page\" data-elementor-id=\"759\" class=\"elementor elementor-759\" data-elementor-post-type=\"page\">\n\t\t\t\t<div class=\"elementor-element elementor-element-d1a683e e-flex e-con-boxed e-con e-parent\" data-id=\"d1a683e\" data-element_type=\"container\" data-e-type=\"container\">\n\t\t\t\t\t<div class=\"e-con-inner\">\n\t\t<div class=\"elementor-element elementor-element-d6a86fd e-con-full e-flex e-con e-child\" data-id=\"d6a86fd\" data-element_type=\"container\" data-e-type=\"container\">\n\t\t<div class=\"elementor-element elementor-element-d9ef17c e-con-full e-flex e-con e-child\" data-id=\"d9ef17c\" data-element_type=\"container\" data-e-type=\"container\">\n\t\t<div class=\"elementor-element elementor-element-c9d32b8 e-con-full e-flex e-con e-child\" data-id=\"c9d32b8\" data-element_type=\"container\" data-e-type=\"container\">\n\t\t<div class=\"elementor-element elementor-element-cdd271b e-con-full e-flex e-con e-child\" data-id=\"cdd271b\" data-element_type=\"container\" data-e-type=\"container\">\n\t\t\t\t<div class=\"elementor-element elementor-element-5362c6a elementor-widget elementor-widget-spacer\" data-id=\"5362c6a\" data-element_type=\"widget\" data-e-type=\"widget\" data-widget_type=\"spacer.default\">\n\t\t\t\t<div class=\"elementor-widget-container\">\n\t\t\t\t\t\t\t<div class=\"elementor-spacer\">\n\t\t\t<div class=\"elementor-spacer-inner\"><\/div>\n\t\t<\/div>\n\t\t\t\t\t\t<\/div>\n\t\t\t\t<\/div>\n\t\t\t\t<div class=\"elementor-element elementor-element-b9a3df6 elementor-widget-divider--view-line_text elementor-widget-divider--element-align-center elementor-widget elementor-widget-divider\" data-id=\"b9a3df6\" data-element_type=\"widget\" data-e-type=\"widget\" data-widget_type=\"divider.default\">\n\t\t\t\t<div class=\"elementor-widget-container\">\n\t\t\t\t\t\t\t<div class=\"elementor-divider\">\n\t\t\t<span class=\"elementor-divider-separator\">\n\t\t\t\t\t\t\t<span class=\"elementor-divider__text elementor-divider__element\">\n\t\t\t\tParticipaciones en congresos\/Participation in conferences\t\t\t\t<\/span>\n\t\t\t\t\t\t<\/span>\n\t\t<\/div>\n\t\t\t\t\t\t<\/div>\n\t\t\t\t<\/div>\n\t\t\t\t<div class=\"elementor-element elementor-element-eefb17d elementor-widget elementor-widget-spacer\" data-id=\"eefb17d\" data-element_type=\"widget\" data-e-type=\"widget\" data-widget_type=\"spacer.default\">\n\t\t\t\t<div class=\"elementor-widget-container\">\n\t\t\t\t\t\t\t<div class=\"elementor-spacer\">\n\t\t\t<div class=\"elementor-spacer-inner\"><\/div>\n\t\t<\/div>\n\t\t\t\t\t\t<\/div>\n\t\t\t\t<\/div>\n\t\t\t\t<\/div>\n\t\t\t\t<\/div>\n\t\t\t\t<\/div>\n\t\t\t\t<\/div>\n\t\t\t\t\t<\/div>\n\t\t\t\t<\/div>\n\t\t<div class=\"elementor-element elementor-element-93e6dc4 e-flex e-con-boxed e-con e-parent\" data-id=\"93e6dc4\" data-element_type=\"container\" data-e-type=\"container\">\n\t\t\t\t\t<div class=\"e-con-inner\">\n\t\t<div class=\"elementor-element elementor-element-c21fec4 e-con-full e-flex e-con e-child\" data-id=\"c21fec4\" data-element_type=\"container\" data-e-type=\"container\">\n\t\t<div class=\"elementor-element elementor-element-1cdc773 e-con-full e-flex e-con e-child\" data-id=\"1cdc773\" data-element_type=\"container\" data-e-type=\"container\">\n\t\t\t\t<div class=\"elementor-element elementor-element-84685c8 elementor-widget elementor-widget-text-editor\" data-id=\"84685c8\" data-element_type=\"widget\" data-e-type=\"widget\" data-widget_type=\"text-editor.default\">\n\t\t\t\t<div class=\"elementor-widget-container\">\n\t\t\t\t\t\t\t\t\t<p style=\"text-align: center;\"><span style=\"color: #ffffff;\">Simposiums<\/span><\/p>\t\t\t\t\t\t\t\t<\/div>\n\t\t\t\t<\/div>\n\t\t\t\t<\/div>\n\t\t\t\t<\/div>\n\t\t\t\t\t<\/div>\n\t\t\t\t<\/div>\n\t\t<div class=\"elementor-element elementor-element-322e8e1 e-flex e-con-boxed e-con e-parent\" data-id=\"322e8e1\" data-element_type=\"container\" data-e-type=\"container\">\n\t\t\t\t\t<div class=\"e-con-inner\">\n\t\t<div class=\"elementor-element elementor-element-b7d65a4 e-con-full e-flex e-con e-child\" data-id=\"b7d65a4\" data-element_type=\"container\" data-e-type=\"container\">\n\t\t\t\t<div class=\"elementor-element elementor-element-52b3c3a elementor-widget elementor-widget-video\" data-id=\"52b3c3a\" data-element_type=\"widget\" data-e-type=\"widget\" data-settings=\"{&quot;youtube_url&quot;:&quot;https:\\\/\\\/www.youtube.com\\\/watch?v=PRivN0IOLxs&quot;,&quot;cc_load_policy&quot;:&quot;yes&quot;,&quot;video_type&quot;:&quot;youtube&quot;,&quot;controls&quot;:&quot;yes&quot;}\" data-widget_type=\"video.default\">\n\t\t\t\t<div class=\"elementor-widget-container\">\n\t\t\t\t\t\t\t<div class=\"elementor-wrapper elementor-open-inline\">\n\t\t\t<div class=\"elementor-video\"><\/div>\t\t<\/div>\n\t\t\t\t\t\t<\/div>\n\t\t\t\t<\/div>\n\t\t\t\t<\/div>\n\t\t<div class=\"elementor-element elementor-element-c8b1b49 e-con-full e-flex e-con e-child\" data-id=\"c8b1b49\" data-element_type=\"container\" data-e-type=\"container\">\n\t\t\t\t<div class=\"elementor-element elementor-element-a8bca0e elementor-widget elementor-widget-text-editor\" data-id=\"a8bca0e\" data-element_type=\"widget\" data-e-type=\"widget\" data-widget_type=\"text-editor.default\">\n\t\t\t\t<div class=\"elementor-widget-container\">\n\t\t\t\t\t\t\t\t\t<p><span style=\"color: #000000;\">Mar\u00edn, V. I., Tur, G., Peguera-Carr\u00e9, M. C., &amp; Carrera, X. (2024).\u00a0<\/span><a href=\"https:\/\/repositori.udl.cat\/handle\/10459.1\/468321\" target=\"_blank\" rel=\"noopener\">Hacia la agencia del estudiantado y la competencia digital cr\u00edtica: dise\u00f1o de pr\u00e1cticas educativas abiertas para la transformaci\u00f3n digital universitaria<\/a><span style=\"color: #000000;\"><a href=\"https:\/\/repositori.udl.cat\/items\/fbc975a6-4c92-4e63-b563-2173edcf44f3\">.<\/a> En Cabero-Almenara, J., Palacios-Rodr\u00edguez, A., Montenegro-Rueda, M. y Fern\u00e1ndez-Cerero, J. (Coord.).\u00a0<\/span><a style=\"background-color: #ffffff; color: #000000;\" href=\"https:\/\/drive.google.com\/drive\/folders\/1x5RF6X6XGxU_0poE_eNGWyC8agNEwEpJ?usp=sharing\" target=\"_blank\" rel=\"noopener\">Tecnolog\u00eda Educativa para una Sociedad Multimodal. Libro de actas EDUTEC\u00b424<\/a><span style=\"color: #000000;\">\u00a0(pp. 1976-1979). Grupo de Investigaci\u00f3n Did\u00e1ctica<\/span><\/p>\t\t\t\t\t\t\t\t<\/div>\n\t\t\t\t<\/div>\n\t\t\t\t<\/div>\n\t\t\t\t\t<\/div>\n\t\t\t\t<\/div>\n\t\t<div class=\"elementor-element elementor-element-e57df9a e-flex e-con-boxed e-con e-parent\" data-id=\"e57df9a\" data-element_type=\"container\" data-e-type=\"container\">\n\t\t\t\t\t<div class=\"e-con-inner\">\n\t\t<div class=\"elementor-element elementor-element-4646f98 e-con-full e-flex e-con e-child\" data-id=\"4646f98\" data-element_type=\"container\" data-e-type=\"container\">\n\t\t<div class=\"elementor-element elementor-element-97e1c66 e-con-full e-flex e-con e-child\" data-id=\"97e1c66\" data-element_type=\"container\" data-e-type=\"container\">\n\t\t<div class=\"elementor-element elementor-element-d2ca296 e-con-full e-flex e-con e-child\" data-id=\"d2ca296\" data-element_type=\"container\" data-e-type=\"container\">\n\t\t<div class=\"elementor-element elementor-element-49de74e e-con-full e-flex e-con e-child\" data-id=\"49de74e\" data-element_type=\"container\" data-e-type=\"container\">\n\t\t<div class=\"elementor-element elementor-element-a4aad60 e-con-full e-flex e-con e-child\" data-id=\"a4aad60\" data-element_type=\"container\" data-e-type=\"container\">\n\t\t<div class=\"elementor-element elementor-element-27b4239 e-con-full e-flex e-con e-child\" data-id=\"27b4239\" data-element_type=\"container\" data-e-type=\"container\">\n\t\t\t\t<div class=\"elementor-element elementor-element-e3242ec elementor-widget elementor-widget-spacer\" data-id=\"e3242ec\" data-element_type=\"widget\" data-e-type=\"widget\" data-widget_type=\"spacer.default\">\n\t\t\t\t<div class=\"elementor-widget-container\">\n\t\t\t\t\t\t\t<div class=\"elementor-spacer\">\n\t\t\t<div class=\"elementor-spacer-inner\"><\/div>\n\t\t<\/div>\n\t\t\t\t\t\t<\/div>\n\t\t\t\t<\/div>\n\t\t\t\t<div class=\"elementor-element elementor-element-81244e8 elementor-widget elementor-widget-text-editor\" data-id=\"81244e8\" data-element_type=\"widget\" data-e-type=\"widget\" data-widget_type=\"text-editor.default\">\n\t\t\t\t<div class=\"elementor-widget-container\">\n\t\t\t\t\t\t\t\t\t<p style=\"text-align: center;\"><span style=\"color: #ffffff;\">Comunicaciones \/ Conference presentations<\/span><\/p>\t\t\t\t\t\t\t\t<\/div>\n\t\t\t\t<\/div>\n\t\t\t\t<div class=\"elementor-element elementor-element-98c09ee elementor-widget elementor-widget-text-editor\" data-id=\"98c09ee\" data-element_type=\"widget\" data-e-type=\"widget\" data-widget_type=\"text-editor.default\">\n\t\t\t\t<div class=\"elementor-widget-container\">\n\t\t\t\t\t\t\t\t\t<p><span style=\"color: #000000;\">Tur, G., Peguera-Carr\u00e9, M. C., Villagr\u00e1, S., &amp; Orellana Hern\u00e1ndez, M. L. (2025). La creaci\u00f3n de recursos educativos abiertos como tarea epist\u00e9mica del profesorado universitario. <em>XXVIII Congreso Internacional EDUTEC 2025<\/em>. Santiago de los Caballeros, Rep\u00fablica Dominicana.<\/span><\/p>\t\t\t\t\t\t\t\t<\/div>\n\t\t\t\t<\/div>\n\t\t\t\t<div class=\"elementor-element elementor-element-e8ddb91 elementor-widget elementor-widget-text-editor\" data-id=\"e8ddb91\" data-element_type=\"widget\" data-e-type=\"widget\" data-widget_type=\"text-editor.default\">\n\t\t\t\t<div class=\"elementor-widget-container\">\n\t\t\t\t\t\t\t\t\t<p><span style=\"color: #000000;\">Abascal, M., &amp; Mar\u00edn, V. I. (2025). Proceso de dise\u00f1o y validaci\u00f3n de pr\u00e1cticas educativas desde el prisma de la justicia social para promover la competencia digital cr\u00edtica en educaci\u00f3n superior. <span style=\"color: #2c86bc;\"><i>Jornadas Universitarias de Tecnolog\u00eda Educativa (JUTE) 2025<\/i>, Valladolid<\/span>.<\/span><\/p>\t\t\t\t\t\t\t\t<\/div>\n\t\t\t\t<\/div>\n\t\t\t\t<div class=\"elementor-element elementor-element-3ebde10 elementor-widget elementor-widget-text-editor\" data-id=\"3ebde10\" data-element_type=\"widget\" data-e-type=\"widget\" data-widget_type=\"text-editor.default\">\n\t\t\t\t<div class=\"elementor-widget-container\">\n\t\t\t\t\t\t\t\t\t<p><span style=\"color: #000000;\">Casta\u00f1eda, L., Mar\u00edn, V. I., Tur, G., Peguera-Carr\u00e9, M. C., Orellana-Hern\u00e1ndez, M. L., y Villagr\u00e1, S. (2025). Developing a learning design toolkit for open educational practices focused on critical digital competence for student agency. <\/span><span style=\"color: #2c86bc;\"><i>EDEN 2025 Conference<\/i>.<\/span><span style=\"color: #000000;\"> Bologna, Italy.\u00a0<\/span><\/p>\t\t\t\t\t\t\t\t<\/div>\n\t\t\t\t<\/div>\n\t\t\t\t<div class=\"elementor-element elementor-element-21b577a elementor-widget elementor-widget-text-editor\" data-id=\"21b577a\" data-element_type=\"widget\" data-e-type=\"widget\" data-widget_type=\"text-editor.default\">\n\t\t\t\t<div class=\"elementor-widget-container\">\n\t\t\t\t\t\t\t\t\t<p><span style=\"color: #000000;\">Mar\u00edn, V. I., Peguera-Carr\u00e9, M. C., Casta\u00f1eda, L., Tur, G., y Orellana-Hern\u00e1ndez, M. L. (2025). Generation and Validation of a Conceptual Framework on Critical Digital Competence. <span style=\"color: #2c86bc;\"><i>ECER 2025 Conference<\/i><\/span>. Belgrade, Serbia.<\/span><\/p>\t\t\t\t\t\t\t\t<\/div>\n\t\t\t\t<\/div>\n\t\t\t\t<div class=\"elementor-element elementor-element-84a51a4 elementor-widget elementor-widget-text-editor\" data-id=\"84a51a4\" data-element_type=\"widget\" data-e-type=\"widget\" data-widget_type=\"text-editor.default\">\n\t\t\t\t<div class=\"elementor-widget-container\">\n\t\t\t\t\t\t\t\t\t<p><span style=\"color: #000000;\">Peguera-Carr\u00e9, Tur, G., Orellana Hern\u00e1ndez, M. L., y Carrera, X. (2025). Pr\u00e1cticas educativas abiertas en la universidad y su v\u00ednculo con la competencia digital cr\u00edtica. <span style=\"color: #2c86bc;\"><i>Jornadas Universitarias de Tecnolog\u00eda Educativa (JUTE) 2025<\/i><\/span>, Valladolid.<\/span><\/p>\t\t\t\t\t\t\t\t<\/div>\n\t\t\t\t<\/div>\n\t\t\t\t<div class=\"elementor-element elementor-element-675558d elementor-widget elementor-widget-text-editor\" data-id=\"675558d\" data-element_type=\"widget\" data-e-type=\"widget\" data-widget_type=\"text-editor.default\">\n\t\t\t\t<div class=\"elementor-widget-container\">\n\t\t\t\t\t\t\t\t\t<p><span style=\"color: #000000;\">Esteve, F., Villagr\u00e1, S., &amp; Carrera, X. (2024). <a href=\"https:\/\/repositori.udl.cat\/handle\/10459.1\/468319\" target=\"_blank\" rel=\"noopener\">Competencia Digital Cr\u00edtica: an\u00e1lisis documental de marcos de referencia en educaci\u00f3n superior. <\/a>En Cabero-Almenara, J., Palacios-Rodr\u00edguez, A., Montenegro-Rueda, M. y Fern\u00e1ndez-Cerero, J. (Coord.),<i>\u00a0<span style=\"color: #2c86bc;\">Tecnolog\u00eda Educativa para una Sociedad Multimodal. Libro de actas EDUTEC\u00b424<\/span>\u00a0(pp. 979-982)<\/i>. Grupo de Investigaci\u00f3n Did\u00e1ctica.<\/span><\/p>\t\t\t\t\t\t\t\t<\/div>\n\t\t\t\t<\/div>\n\t\t\t\t<div class=\"elementor-element elementor-element-af95835 elementor-widget elementor-widget-text-editor\" data-id=\"af95835\" data-element_type=\"widget\" data-e-type=\"widget\" data-widget_type=\"text-editor.default\">\n\t\t\t\t<div class=\"elementor-widget-container\">\n\t\t\t\t\t\t\t\t\t<p><span style=\"color: #000000;\">Peguera-Carr\u00e9, M. C., Orellana Hern\u00e1ndez, M. L., &amp; Villagr\u00e1, S. (2024)<a href=\"https:\/\/repositori.udl.cat\/handle\/10459.1\/468320\" target=\"_blank\" rel=\"noopener\">. An\u00e1lisis de marcos de referencia de pr\u00e1cticas educativas abiertas en la educaci\u00f3n superior.<\/a> En Cabero-Almenara, J., Palacios-Rodr\u00edguez, A., Montenegro-Rueda, M. y Fern\u00e1ndez-Cerero, J. (Coord.),\u00a0<i><span style=\"color: #2c86bc;\">Tecnolog\u00eda <a style=\"color: #2c86bc;\" href=\"https:\/\/unidisc.csuc.cat\/index.php\/s\/qYupjh34y5t7YAH\" target=\"_blank\" rel=\"noopener\">Educativa para una Sociedad Multimodal. <\/a>Libro de actas EDUTEC\u00b424<\/span>\u00a0(pp. 388-390).<\/i> Grupo de Investigaci\u00f3n Did\u00e1ctica.<\/span><\/p>\t\t\t\t\t\t\t\t<\/div>\n\t\t\t\t<\/div>\n\t\t\t\t<\/div>\n\t\t\t\t<\/div>\n\t\t\t\t<\/div>\n\t\t\t\t<\/div>\n\t\t\t\t<\/div>\n\t\t\t\t<\/div>\n\t\t\t\t\t<\/div>\n\t\t\t\t<\/div>\n\t\t\t\t<\/div>\n\t\t","protected":false},"excerpt":{"rendered":"<p>Participaciones en congresos\/Participation in conferences Simposiums https:\/\/www.youtube.com\/watch?v=PRivN0IOLxs Mar\u00edn, V. I., Tur, G., Peguera-Carr\u00e9, M. C., &amp; Carrera, X. (2024).\u00a0Hacia la agencia del estudiantado y la competencia digital cr\u00edtica: dise\u00f1o de pr\u00e1cticas educativas abiertas para la transformaci\u00f3n digital universitaria. En Cabero-Almenara, J., Palacios-Rodr\u00edguez, A., Montenegro-Rueda, M. y Fern\u00e1ndez-Cerero, J. (Coord.).\u00a0Tecnolog\u00eda Educativa para una Sociedad Multimodal. Libro [&hellip;]<\/p>\n","protected":false},"author":3,"featured_media":0,"parent":33,"menu_order":0,"comment_status":"closed","ping_status":"closed","template":"","meta":{"footnotes":""},"class_list":["post-759","page","type-page","status-publish","hentry"],"_links":{"self":[{"href":"https:\/\/recercacompetecs.udl.cat\/codicri\/wp-json\/wp\/v2\/pages\/759","targetHints":{"allow":["GET"]}}],"collection":[{"href":"https:\/\/recercacompetecs.udl.cat\/codicri\/wp-json\/wp\/v2\/pages"}],"about":[{"href":"https:\/\/recercacompetecs.udl.cat\/codicri\/wp-json\/wp\/v2\/types\/page"}],"author":[{"embeddable":true,"href":"https:\/\/recercacompetecs.udl.cat\/codicri\/wp-json\/wp\/v2\/users\/3"}],"replies":[{"embeddable":true,"href":"https:\/\/recercacompetecs.udl.cat\/codicri\/wp-json\/wp\/v2\/comments?post=759"}],"version-history":[{"count":100,"href":"https:\/\/recercacompetecs.udl.cat\/codicri\/wp-json\/wp\/v2\/pages\/759\/revisions"}],"predecessor-version":[{"id":2549,"href":"https:\/\/recercacompetecs.udl.cat\/codicri\/wp-json\/wp\/v2\/pages\/759\/revisions\/2549"}],"up":[{"embeddable":true,"href":"https:\/\/recercacompetecs.udl.cat\/codicri\/wp-json\/wp\/v2\/pages\/33"}],"wp:attachment":[{"href":"https:\/\/recercacompetecs.udl.cat\/codicri\/wp-json\/wp\/v2\/media?parent=759"}],"curies":[{"name":"wp","href":"https:\/\/api.w.org\/{rel}","templated":true}]}}