{"id":705,"date":"2025-06-13T13:53:55","date_gmt":"2025-06-13T11:53:55","guid":{"rendered":"https:\/\/recercacompetecs.udl.cat\/codicri\/?page_id=705"},"modified":"2026-04-17T23:57:40","modified_gmt":"2026-04-17T21:57:40","slug":"publicaciones","status":"publish","type":"page","link":"https:\/\/recercacompetecs.udl.cat\/codicri\/productos-derivados\/publicaciones","title":{"rendered":"Publicaciones"},"content":{"rendered":"\t\t<div data-elementor-type=\"wp-page\" data-elementor-id=\"705\" class=\"elementor elementor-705\" data-elementor-post-type=\"page\">\n\t\t\t\t<div class=\"elementor-element elementor-element-35ebbc5 e-flex e-con-boxed e-con e-parent\" data-id=\"35ebbc5\" data-element_type=\"container\" data-e-type=\"container\">\n\t\t\t\t\t<div class=\"e-con-inner\">\n\t\t\t\t<div class=\"elementor-element elementor-element-dca6b97 elementor-widget elementor-widget-spacer\" data-id=\"dca6b97\" data-element_type=\"widget\" data-e-type=\"widget\" data-widget_type=\"spacer.default\">\n\t\t\t\t<div class=\"elementor-widget-container\">\n\t\t\t\t\t\t\t<div class=\"elementor-spacer\">\n\t\t\t<div class=\"elementor-spacer-inner\"><\/div>\n\t\t<\/div>\n\t\t\t\t\t\t<\/div>\n\t\t\t\t<\/div>\n\t\t\t\t<div class=\"elementor-element elementor-element-fcea3b9 elementor-widget-divider--view-line_text elementor-widget-divider--element-align-center elementor-widget elementor-widget-divider\" data-id=\"fcea3b9\" data-element_type=\"widget\" data-e-type=\"widget\" data-widget_type=\"divider.default\">\n\t\t\t\t<div class=\"elementor-widget-container\">\n\t\t\t\t\t\t\t<div class=\"elementor-divider\">\n\t\t\t<span class=\"elementor-divider-separator\">\n\t\t\t\t\t\t\t<span class=\"elementor-divider__text elementor-divider__element\">\n\t\t\t\tPublicaciones \/ Journal articles\t\t\t\t<\/span>\n\t\t\t\t\t\t<\/span>\n\t\t<\/div>\n\t\t\t\t\t\t<\/div>\n\t\t\t\t<\/div>\n\t\t\t\t<div class=\"elementor-element elementor-element-4024515 elementor-widget elementor-widget-spacer\" data-id=\"4024515\" data-element_type=\"widget\" data-e-type=\"widget\" data-widget_type=\"spacer.default\">\n\t\t\t\t<div class=\"elementor-widget-container\">\n\t\t\t\t\t\t\t<div class=\"elementor-spacer\">\n\t\t\t<div class=\"elementor-spacer-inner\"><\/div>\n\t\t<\/div>\n\t\t\t\t\t\t<\/div>\n\t\t\t\t<\/div>\n\t\t\t\t\t<\/div>\n\t\t\t\t<\/div>\n\t\t<div class=\"elementor-element elementor-element-b307961 e-flex e-con-boxed e-con e-parent\" data-id=\"b307961\" data-element_type=\"container\" data-e-type=\"container\">\n\t\t\t\t\t<div class=\"e-con-inner\">\n\t\t<div class=\"elementor-element elementor-element-b8694f8 e-con-full e-flex e-con e-child\" data-id=\"b8694f8\" data-element_type=\"container\" data-e-type=\"container\">\n\t\t<div class=\"elementor-element elementor-element-3e507aa e-con-full e-flex e-con e-child\" data-id=\"3e507aa\" data-element_type=\"container\" data-e-type=\"container\">\n\t\t\t\t<div class=\"elementor-element elementor-element-3f2b826 elementor-widget elementor-widget-spacer\" data-id=\"3f2b826\" data-element_type=\"widget\" data-e-type=\"widget\" data-widget_type=\"spacer.default\">\n\t\t\t\t<div class=\"elementor-widget-container\">\n\t\t\t\t\t\t\t<div class=\"elementor-spacer\">\n\t\t\t<div class=\"elementor-spacer-inner\"><\/div>\n\t\t<\/div>\n\t\t\t\t\t\t<\/div>\n\t\t\t\t<\/div>\n\t\t\t\t<div class=\"elementor-element elementor-element-5cc222e elementor-widget elementor-widget-text-editor\" data-id=\"5cc222e\" data-element_type=\"widget\" data-e-type=\"widget\" data-widget_type=\"text-editor.default\">\n\t\t\t\t<div class=\"elementor-widget-container\">\n\t\t\t\t\t\t\t\t\t<p style=\"text-align: center;\"><span style=\"color: #ffffff;\">Publicadas \/ Published &#8211; Aceptadas \/ Accepted<\/span><\/p>\t\t\t\t\t\t\t\t<\/div>\n\t\t\t\t<\/div>\n\t\t\t\t<div class=\"elementor-element elementor-element-06e56fa elementor-widget elementor-widget-text-editor\" data-id=\"06e56fa\" data-element_type=\"widget\" data-e-type=\"widget\" data-widget_type=\"text-editor.default\">\n\t\t\t\t<div class=\"elementor-widget-container\">\n\t\t\t\t\t\t\t\t\t<p><span style=\"color: #000000;\">Casta\u00f1eda, L., Mar\u00edn, V. I., Tur, G., Peguera-Carr\u00e9, M. C., Orellana-Hern\u00e1ndez, &amp; Villagr\u00e1, S. (in press). <span class=\"TextRun SCXW57141128 BCX8\" lang=\"EN-GB\" xml:lang=\"EN-GB\" data-contrast=\"none\"><span class=\"NormalTextRun SCXW57141128 BCX8\" data-ccp-parastyle=\"heading 1\">Designing for Openness, Critical Digital Competence and Agency: Development of the\u00a0<\/span><span class=\"NormalTextRun SCXW57141128 BCX8\" data-ccp-parastyle=\"heading 1\">CoDiCri<\/span><span class=\"NormalTextRun SCXW57141128 BCX8\" data-ccp-parastyle=\"heading 1\">\u00a0ACAD Toolkit<\/span><\/span>. <em>European Journal of Open, Distance and E-Learning.<\/em><\/span><\/p>\t\t\t\t\t\t\t\t<\/div>\n\t\t\t\t<\/div>\n\t\t\t\t<div class=\"elementor-element elementor-element-dafbd05 elementor-widget elementor-widget-text-editor\" data-id=\"dafbd05\" data-element_type=\"widget\" data-e-type=\"widget\" data-widget_type=\"text-editor.default\">\n\t\t\t\t<div class=\"elementor-widget-container\">\n\t\t\t\t\t\t\t\t\t<p><span style=\"color: #000000;\">Esteve, F., Mar\u00edn, V. I., Tur, G., Orellana, M. L., Villagr\u00e1, S., &amp; Aguilar, D. (in press). Competencia digital cr\u00edtica, educaci\u00f3n abierta y agencia para el aprendizaje: An\u00e1lisis web del contexto universitario espa\u00f1ol. <em>Aula Abierta.<\/em><\/span><\/p>\t\t\t\t\t\t\t\t<\/div>\n\t\t\t\t<\/div>\n\t\t\t\t<div class=\"elementor-element elementor-element-63732a3 elementor-widget elementor-widget-text-editor\" data-id=\"63732a3\" data-element_type=\"widget\" data-e-type=\"widget\" data-widget_type=\"text-editor.default\">\n\t\t\t\t<div class=\"elementor-widget-container\">\n\t\t\t\t\t\t\t\t\t<p><span style=\"color: #000000;\">Mar\u00edn, V. I., Tur, G., Casta\u00f1eda, L., Peguera-Carr\u00e9, M. C., Orellana, M. L., Villagr\u00e1, S., &amp; Carrera, X. (2025). Agencia y aprendizaje en la Educaci\u00f3n Superior: una revisi\u00f3n sistem\u00e1tica. <i>UTE Teaching&amp;Technology (UniversitasTarraconensis), (1),<\/i>\u00a0e4035.\u00a0<a href=\"http:\/\/doi.org\/10.17345\/ute.2025.4035\" target=\"_blank\" rel=\"noopener\">http:\/\/doi.org\/10.17345\/ute.2025.4035\u00a0<\/a><\/span><\/p>\t\t\t\t\t\t\t\t<\/div>\n\t\t\t\t<\/div>\n\t\t\t\t<div class=\"elementor-element elementor-element-e65aead elementor-widget elementor-widget-text-editor\" data-id=\"e65aead\" data-element_type=\"widget\" data-e-type=\"widget\" data-widget_type=\"text-editor.default\">\n\t\t\t\t<div class=\"elementor-widget-container\">\n\t\t\t\t\t\t\t\t\t<p><span style=\"color: #000000;\">Tur, G., Peguera-Carr\u00e9, M. C., Orellana-Hern\u00e1ndez, Villagr\u00e1, S., &amp; Mar\u00edn, V. I. (in press). <span class=\"TextRun SCXW260982708 BCX8\" lang=\"EN-GB\" xml:lang=\"EN-GB\" data-contrast=\"auto\"><span class=\"NormalTextRun SCXW260982708 BCX8\">Designing for Learning in Open Educational Practices: Insights from Spanish University Educators.<\/span><\/span><em><span class=\"EOP SCXW260982708 BCX8\" data-ccp-props=\"{&quot;201341983&quot;:0,&quot;335551550&quot;:2,&quot;335551620&quot;:2,&quot;335559739&quot;:0,&quot;335559740&quot;:480}\"> The International Review of Research in Open and Distributed Learning (IRRODL).<\/span><\/em><\/span><\/p>\t\t\t\t\t\t\t\t<\/div>\n\t\t\t\t<\/div>\n\t\t\t\t<\/div>\n\t\t\t\t<\/div>\n\t\t\t\t\t<\/div>\n\t\t\t\t<\/div>\n\t\t<div class=\"elementor-element elementor-element-522d15e e-flex e-con-boxed e-con e-parent\" data-id=\"522d15e\" data-element_type=\"container\" data-e-type=\"container\">\n\t\t\t\t\t<div class=\"e-con-inner\">\n\t\t<div class=\"elementor-element elementor-element-c515d9d e-con-full e-flex e-con e-child\" data-id=\"c515d9d\" data-element_type=\"container\" data-e-type=\"container\">\n\t\t<div class=\"elementor-element elementor-element-8201802 e-con-full e-flex e-con e-child\" data-id=\"8201802\" data-element_type=\"container\" data-e-type=\"container\">\n\t\t\t\t<div class=\"elementor-element elementor-element-3f5742f elementor-widget elementor-widget-spacer\" data-id=\"3f5742f\" data-element_type=\"widget\" data-e-type=\"widget\" data-widget_type=\"spacer.default\">\n\t\t\t\t<div class=\"elementor-widget-container\">\n\t\t\t\t\t\t\t<div class=\"elementor-spacer\">\n\t\t\t<div class=\"elementor-spacer-inner\"><\/div>\n\t\t<\/div>\n\t\t\t\t\t\t<\/div>\n\t\t\t\t<\/div>\n\t\t\t\t<div class=\"elementor-element elementor-element-78128f8 elementor-widget elementor-widget-spacer\" data-id=\"78128f8\" data-element_type=\"widget\" data-e-type=\"widget\" data-widget_type=\"spacer.default\">\n\t\t\t\t<div class=\"elementor-widget-container\">\n\t\t\t\t\t\t\t<div class=\"elementor-spacer\">\n\t\t\t<div class=\"elementor-spacer-inner\"><\/div>\n\t\t<\/div>\n\t\t\t\t\t\t<\/div>\n\t\t\t\t<\/div>\n\t\t\t\t<div class=\"elementor-element elementor-element-ef0654a elementor-widget elementor-widget-text-editor\" data-id=\"ef0654a\" data-element_type=\"widget\" data-e-type=\"widget\" data-widget_type=\"text-editor.default\">\n\t\t\t\t<div class=\"elementor-widget-container\">\n\t\t\t\t\t\t\t\t\t<p style=\"text-align: center;\"><span style=\"color: #ffffff;\">En revisi\u00f3n \/ Under review<\/span><\/p>\t\t\t\t\t\t\t\t<\/div>\n\t\t\t\t<\/div>\n\t\t\t\t<div class=\"elementor-element elementor-element-c0f107e elementor-widget elementor-widget-text-editor\" data-id=\"c0f107e\" data-element_type=\"widget\" data-e-type=\"widget\" data-widget_type=\"text-editor.default\">\n\t\t\t\t<div class=\"elementor-widget-container\">\n\t\t\t\t\t\t\t\t\t<p><span style=\"color: #000000;\">Peguera-Carr\u00e9, M. C., Tur, G., Mar\u00edn, V. I., &amp; Villagr\u00e1, S. (under review). <span class=\"TextRun SCXW260982708 BCX8\" lang=\"EN-GB\" xml:lang=\"EN-GB\" data-contrast=\"auto\"><span class=\"NormalTextRun SCXW260982708 BCX8\">Pr\u00e1cticas educativas abiertas para una Competencia Digital Cr\u00edtica: caracter\u00edsticas de dise\u00f1o e impacto en el contexto universitario espa\u00f1ol.<\/span><\/span><\/span><\/p>\t\t\t\t\t\t\t\t<\/div>\n\t\t\t\t<\/div>\n\t\t\t\t<div class=\"elementor-element elementor-element-7adc638 elementor-widget elementor-widget-text-editor\" data-id=\"7adc638\" data-element_type=\"widget\" data-e-type=\"widget\" data-widget_type=\"text-editor.default\">\n\t\t\t\t<div class=\"elementor-widget-container\">\n\t\t\t\t\t\t\t\t\t<p><span style=\"color: #000000;\">Abascal, M., Mar\u00edn, V. I., Tur, G., Peguera-Carr\u00e9, M. C., Orellana-Hern\u00e1ndez, M. L., Casta\u00f1eda, L., y Villagr\u00e1, S. (under review).\u00a0Conceptualisation, evolution and impact of Open Educational Practices in higher education: a systematic review.<\/span><\/p>\t\t\t\t\t\t\t\t<\/div>\n\t\t\t\t<\/div>\n\t\t\t\t<div class=\"elementor-element elementor-element-3eb769a elementor-widget elementor-widget-text-editor\" data-id=\"3eb769a\" data-element_type=\"widget\" data-e-type=\"widget\" data-widget_type=\"text-editor.default\">\n\t\t\t\t<div class=\"elementor-widget-container\">\n\t\t\t\t\t\t\t\t\t<p><span style=\"color: #000000;\">Mar\u00edn, V. I., Orellana-Hern\u00e1ndez, M. L., Peguera-Carr\u00e9, M. C., Tur, G., y Casta\u00f1eda, L. (under review).\u00a0The Critical Approach in the Digital Competence: A Systematic Review.<\/span><\/p>\t\t\t\t\t\t\t\t<\/div>\n\t\t\t\t<\/div>\n\t\t\t\t<div class=\"elementor-element elementor-element-f48b7af elementor-widget elementor-widget-text-editor\" data-id=\"f48b7af\" data-element_type=\"widget\" data-e-type=\"widget\" data-widget_type=\"text-editor.default\">\n\t\t\t\t<div class=\"elementor-widget-container\">\n\t\t\t\t\t\t\t\t\t<p><span style=\"color: #000000;\">Mar\u00edn, V. I., Orellana-Hern\u00e1ndez, M. L., Tur, G., Villagr\u00e1, S., Peguera-Carr\u00e9, M. C., y Casta\u00f1eda, L. (under review).\u00a0A Conceptual Framework for Critical Digital Competence: Creation and Validation.\u00a0<\/span><\/p>\t\t\t\t\t\t\t\t<\/div>\n\t\t\t\t<\/div>\n\t\t\t\t<\/div>\n\t\t\t\t<\/div>\n\t\t\t\t\t<\/div>\n\t\t\t\t<\/div>\n\t\t\t\t<\/div>\n\t\t","protected":false},"excerpt":{"rendered":"<p>Publicaciones \/ Journal articles Publicadas \/ Published &#8211; Aceptadas \/ Accepted Casta\u00f1eda, L., Mar\u00edn, V. I., Tur, G., Peguera-Carr\u00e9, M. C., Orellana-Hern\u00e1ndez, &amp; Villagr\u00e1, S. (in press). Designing for Openness, Critical Digital Competence and Agency: Development of the\u00a0CoDiCri\u00a0ACAD Toolkit. European Journal of Open, Distance and E-Learning. Esteve, F., Mar\u00edn, V. I., Tur, G., Orellana, M. [&hellip;]<\/p>\n","protected":false},"author":3,"featured_media":0,"parent":33,"menu_order":0,"comment_status":"closed","ping_status":"closed","template":"","meta":{"footnotes":""},"class_list":["post-705","page","type-page","status-publish","hentry"],"_links":{"self":[{"href":"https:\/\/recercacompetecs.udl.cat\/codicri\/wp-json\/wp\/v2\/pages\/705","targetHints":{"allow":["GET"]}}],"collection":[{"href":"https:\/\/recercacompetecs.udl.cat\/codicri\/wp-json\/wp\/v2\/pages"}],"about":[{"href":"https:\/\/recercacompetecs.udl.cat\/codicri\/wp-json\/wp\/v2\/types\/page"}],"author":[{"embeddable":true,"href":"https:\/\/recercacompetecs.udl.cat\/codicri\/wp-json\/wp\/v2\/users\/3"}],"replies":[{"embeddable":true,"href":"https:\/\/recercacompetecs.udl.cat\/codicri\/wp-json\/wp\/v2\/comments?post=705"}],"version-history":[{"count":113,"href":"https:\/\/recercacompetecs.udl.cat\/codicri\/wp-json\/wp\/v2\/pages\/705\/revisions"}],"predecessor-version":[{"id":2849,"href":"https:\/\/recercacompetecs.udl.cat\/codicri\/wp-json\/wp\/v2\/pages\/705\/revisions\/2849"}],"up":[{"embeddable":true,"href":"https:\/\/recercacompetecs.udl.cat\/codicri\/wp-json\/wp\/v2\/pages\/33"}],"wp:attachment":[{"href":"https:\/\/recercacompetecs.udl.cat\/codicri\/wp-json\/wp\/v2\/media?parent=705"}],"curies":[{"name":"wp","href":"https:\/\/api.w.org\/{rel}","templated":true}]}}