{"id":36,"date":"2025-06-10T19:07:27","date_gmt":"2025-06-10T17:07:27","guid":{"rendered":"https:\/\/recercacompetecs.udl.cat\/codicri\/?page_id=36"},"modified":"2025-11-17T16:08:20","modified_gmt":"2025-11-17T15:08:20","slug":"colaboraciones","status":"publish","type":"page","link":"https:\/\/recercacompetecs.udl.cat\/codicri\/colaboraciones","title":{"rendered":"Colaboraciones"},"content":{"rendered":"\t\t<div data-elementor-type=\"wp-page\" data-elementor-id=\"36\" class=\"elementor elementor-36\" data-elementor-post-type=\"page\">\n\t\t\t\t<div class=\"elementor-element elementor-element-3a75123 e-flex e-con-boxed e-con e-parent\" data-id=\"3a75123\" data-element_type=\"container\" data-e-type=\"container\">\n\t\t\t\t\t<div class=\"e-con-inner\">\n\t\t\t\t<div class=\"elementor-element elementor-element-830fa60 elementor-widget-divider--view-line_text elementor-widget-divider--element-align-center elementor-widget elementor-widget-divider\" data-id=\"830fa60\" data-element_type=\"widget\" data-e-type=\"widget\" data-widget_type=\"divider.default\">\n\t\t\t\t<div class=\"elementor-widget-container\">\n\t\t\t\t\t\t\t<div class=\"elementor-divider\">\n\t\t\t<span class=\"elementor-divider-separator\">\n\t\t\t\t\t\t\t<span class=\"elementor-divider__text elementor-divider__element\">\n\t\t\t\tColaboraciones\/Collaborations\t\t\t\t<\/span>\n\t\t\t\t\t\t<\/span>\n\t\t<\/div>\n\t\t\t\t\t\t<\/div>\n\t\t\t\t<\/div>\n\t\t\t\t\t<\/div>\n\t\t\t\t<\/div>\n\t\t<div class=\"elementor-element elementor-element-85aa2b0 e-flex e-con-boxed e-con e-parent\" data-id=\"85aa2b0\" data-element_type=\"container\" data-e-type=\"container\">\n\t\t\t\t\t<div class=\"e-con-inner\">\n\t\t\t\t<div class=\"elementor-element elementor-element-daf9a39 elementor-widget elementor-widget-spacer\" data-id=\"daf9a39\" data-element_type=\"widget\" data-e-type=\"widget\" data-widget_type=\"spacer.default\">\n\t\t\t\t<div class=\"elementor-widget-container\">\n\t\t\t\t\t\t\t<div class=\"elementor-spacer\">\n\t\t\t<div class=\"elementor-spacer-inner\"><\/div>\n\t\t<\/div>\n\t\t\t\t\t\t<\/div>\n\t\t\t\t<\/div>\n\t\t\t\t\t<\/div>\n\t\t\t\t<\/div>\n\t\t<div class=\"elementor-element elementor-element-e32bfd1 e-flex e-con-boxed e-con e-parent\" data-id=\"e32bfd1\" data-element_type=\"container\" data-e-type=\"container\">\n\t\t\t\t\t<div class=\"e-con-inner\">\n\t\t\t\t<div class=\"elementor-element elementor-element-3d447a8 elementor-widget elementor-widget-text-editor\" data-id=\"3d447a8\" data-element_type=\"widget\" data-e-type=\"widget\" data-widget_type=\"text-editor.default\">\n\t\t\t\t<div class=\"elementor-widget-container\">\n\t\t\t\t\t\t\t\t\t<p style=\"text-align: center;\"><span style=\"color: #ffffff;\">Aplicaci\u00f3n de las herramientas de dise\u00f1o de CoDiCri<\/span><\/p>\t\t\t\t\t\t\t\t<\/div>\n\t\t\t\t<\/div>\n\t\t\t\t\t<\/div>\n\t\t\t\t<\/div>\n\t\t<div class=\"elementor-element elementor-element-1fdfc74 e-flex e-con-boxed e-con e-parent\" data-id=\"1fdfc74\" data-element_type=\"container\" data-e-type=\"container\">\n\t\t\t\t\t<div class=\"e-con-inner\">\n\t\t\t\t<div class=\"elementor-element elementor-element-5c9da79 elementor-widget elementor-widget-text-editor\" data-id=\"5c9da79\" data-element_type=\"widget\" data-e-type=\"widget\" data-widget_type=\"text-editor.default\">\n\t\t\t\t<div class=\"elementor-widget-container\">\n\t\t\t\t\t\t\t\t\t<span style=\"color: #000000;\">\u202fProyecto Erasmus+: Introducing Leading European Competence approach into Teacher Training Standard for Ukraine&#8217;s Resilience \u2013 LECTURE 101179602 \u2014 LECTURE \u2014 ERASMUS-EDU-2024-CBHE. \nColectivo: Profesorado universitario ucraniano. Organizaci\u00f3n: Universitat de les Illes Balears y Universidad Roma To Vergata (Italia).\n\t\t\t\t\t\t\t\t<\/div>\n\t\t\t\t<\/div>\n\t\t\t\t\t<\/div>\n\t\t\t\t<\/div>\n\t\t<div class=\"elementor-element elementor-element-3e82ea2 e-flex e-con-boxed e-con e-parent\" data-id=\"3e82ea2\" data-element_type=\"container\" data-e-type=\"container\">\n\t\t\t\t\t<div class=\"e-con-inner\">\n\t\t\t\t<div class=\"elementor-element elementor-element-4a1f218 elementor-widget elementor-widget-text-editor\" data-id=\"4a1f218\" data-element_type=\"widget\" data-e-type=\"widget\" data-widget_type=\"text-editor.default\">\n\t\t\t\t<div class=\"elementor-widget-container\">\n\t\t\t\t\t\t\t\t\t<p style=\"text-align: center;\"><span style=\"color: #ffffff;\">Dise\u00f1os, implementaciones y evaluaciones de PEA<\/span><\/p>\t\t\t\t\t\t\t\t<\/div>\n\t\t\t\t<\/div>\n\t\t\t\t\t<\/div>\n\t\t\t\t<\/div>\n\t\t<div class=\"elementor-element elementor-element-cdee21e e-flex e-con-boxed e-con e-parent\" data-id=\"cdee21e\" data-element_type=\"container\" data-e-type=\"container\">\n\t\t\t\t\t<div class=\"e-con-inner\">\n\t\t\t\t<div class=\"elementor-element elementor-element-3b36c38 elementor-widget elementor-widget-text-editor\" data-id=\"3b36c38\" data-element_type=\"widget\" data-e-type=\"widget\" data-widget_type=\"text-editor.default\">\n\t\t\t\t<div class=\"elementor-widget-container\">\n\t\t\t\t\t\t\t\t\t<ul><li><span style=\"color: #000000;\">\u202fMondragon Unibertsitatea (Pa\u00eds Vasco)<\/span><\/li><li><span style=\"color: #000000;\">Universidad Aut\u00f3noma de San Luis Potos\u00ed (M\u00e9xico)<\/span><\/li><li><span style=\"color: #000000;\">Universidad de Murcia<\/span><\/li><\/ul>\t\t\t\t\t\t\t\t<\/div>\n\t\t\t\t<\/div>\n\t\t\t\t\t<\/div>\n\t\t\t\t<\/div>\n\t\t\t\t<\/div>\n\t\t","protected":false},"excerpt":{"rendered":"<p>Colaboraciones\/Collaborations Aplicaci\u00f3n de las herramientas de dise\u00f1o de CoDiCri \u202fProyecto Erasmus+: Introducing Leading European Competence approach into Teacher Training Standard for Ukraine&#8217;s Resilience \u2013 LECTURE 101179602 \u2014 LECTURE \u2014 ERASMUS-EDU-2024-CBHE. Colectivo: Profesorado universitario ucraniano. Organizaci\u00f3n: Universitat de les Illes Balears y Universidad Roma To Vergata (Italia). Dise\u00f1os, implementaciones y evaluaciones de PEA \u202fMondragon Unibertsitatea (Pa\u00eds [&hellip;]<\/p>\n","protected":false},"author":3,"featured_media":0,"parent":0,"menu_order":0,"comment_status":"closed","ping_status":"closed","template":"","meta":{"footnotes":""},"class_list":["post-36","page","type-page","status-publish","hentry"],"_links":{"self":[{"href":"https:\/\/recercacompetecs.udl.cat\/codicri\/wp-json\/wp\/v2\/pages\/36","targetHints":{"allow":["GET"]}}],"collection":[{"href":"https:\/\/recercacompetecs.udl.cat\/codicri\/wp-json\/wp\/v2\/pages"}],"about":[{"href":"https:\/\/recercacompetecs.udl.cat\/codicri\/wp-json\/wp\/v2\/types\/page"}],"author":[{"embeddable":true,"href":"https:\/\/recercacompetecs.udl.cat\/codicri\/wp-json\/wp\/v2\/users\/3"}],"replies":[{"embeddable":true,"href":"https:\/\/recercacompetecs.udl.cat\/codicri\/wp-json\/wp\/v2\/comments?post=36"}],"version-history":[{"count":13,"href":"https:\/\/recercacompetecs.udl.cat\/codicri\/wp-json\/wp\/v2\/pages\/36\/revisions"}],"predecessor-version":[{"id":2606,"href":"https:\/\/recercacompetecs.udl.cat\/codicri\/wp-json\/wp\/v2\/pages\/36\/revisions\/2606"}],"wp:attachment":[{"href":"https:\/\/recercacompetecs.udl.cat\/codicri\/wp-json\/wp\/v2\/media?parent=36"}],"curies":[{"name":"wp","href":"https:\/\/api.w.org\/{rel}","templated":true}]}}