{"id":27,"date":"2025-06-10T19:06:26","date_gmt":"2025-06-10T17:06:26","guid":{"rendered":"https:\/\/recercacompetecs.udl.cat\/codicri\/?page_id=27"},"modified":"2025-07-29T09:38:24","modified_gmt":"2025-07-29T07:38:24","slug":"equipo","status":"publish","type":"page","link":"https:\/\/recercacompetecs.udl.cat\/codicri\/equipo","title":{"rendered":"Equipo"},"content":{"rendered":"\t\t<div data-elementor-type=\"wp-page\" data-elementor-id=\"27\" class=\"elementor elementor-27\" data-elementor-post-type=\"page\">\n\t\t\t\t<div class=\"elementor-element elementor-element-e4d9cfc e-flex e-con-boxed e-con e-parent\" data-id=\"e4d9cfc\" data-element_type=\"container\" data-e-type=\"container\">\n\t\t\t\t\t<div class=\"e-con-inner\">\n\t\t\t\t<div class=\"elementor-element elementor-element-b1a15cf elementor-widget elementor-widget-spacer\" data-id=\"b1a15cf\" data-element_type=\"widget\" data-e-type=\"widget\" data-widget_type=\"spacer.default\">\n\t\t\t\t<div class=\"elementor-widget-container\">\n\t\t\t\t\t\t\t<div class=\"elementor-spacer\">\n\t\t\t<div class=\"elementor-spacer-inner\"><\/div>\n\t\t<\/div>\n\t\t\t\t\t\t<\/div>\n\t\t\t\t<\/div>\n\t\t\t\t<div class=\"elementor-element elementor-element-a3ee2f1 elementor-widget-divider--view-line_text elementor-widget-divider--element-align-center elementor-widget elementor-widget-divider\" data-id=\"a3ee2f1\" data-element_type=\"widget\" data-e-type=\"widget\" data-widget_type=\"divider.default\">\n\t\t\t\t<div class=\"elementor-widget-container\">\n\t\t\t\t\t\t\t<div class=\"elementor-divider\">\n\t\t\t<span class=\"elementor-divider-separator\">\n\t\t\t\t\t\t\t<span class=\"elementor-divider__text elementor-divider__element\">\n\t\t\t\tEquipo\t\t\t\t<\/span>\n\t\t\t\t\t\t<\/span>\n\t\t<\/div>\n\t\t\t\t\t\t<\/div>\n\t\t\t\t<\/div>\n\t\t\t\t<div class=\"elementor-element elementor-element-d6a40c0 elementor-widget elementor-widget-spacer\" data-id=\"d6a40c0\" data-element_type=\"widget\" data-e-type=\"widget\" data-widget_type=\"spacer.default\">\n\t\t\t\t<div class=\"elementor-widget-container\">\n\t\t\t\t\t\t\t<div class=\"elementor-spacer\">\n\t\t\t<div class=\"elementor-spacer-inner\"><\/div>\n\t\t<\/div>\n\t\t\t\t\t\t<\/div>\n\t\t\t\t<\/div>\n\t\t\t\t<div class=\"elementor-element elementor-element-c16ce4b elementor-widget elementor-widget-text-editor\" data-id=\"c16ce4b\" data-element_type=\"widget\" data-e-type=\"widget\" data-widget_type=\"text-editor.default\">\n\t\t\t\t<div class=\"elementor-widget-container\">\n\t\t\t\t\t\t\t\t\t<p style=\"text-align: center;\">Investigadora principal<\/p>\t\t\t\t\t\t\t\t<\/div>\n\t\t\t\t<\/div>\n\t\t\t\t<div class=\"elementor-element elementor-element-5af123b elementor-position-top elementor-widget elementor-widget-image-box\" data-id=\"5af123b\" data-element_type=\"widget\" data-e-type=\"widget\" data-widget_type=\"image-box.default\">\n\t\t\t\t<div class=\"elementor-widget-container\">\n\t\t\t\t\t<div class=\"elementor-image-box-wrapper\"><figure class=\"elementor-image-box-img\"><a href=\"https:\/\/competecs.udl.cat\/miembros\/victoria-marin\/\" target=\"_blank\" tabindex=\"-1\"><img decoding=\"async\" width=\"149\" height=\"145\" src=\"https:\/\/recercacompetecs.udl.cat\/codicri\/wp-content\/uploads\/2025\/06\/victoria-irene-marin-juarros-1-e1749651722133.jpeg\" class=\"elementor-animation-grow attachment-thumbnail size-thumbnail wp-image-217\" alt=\"\" \/><\/a><\/figure><div class=\"elementor-image-box-content\"><h3 class=\"elementor-image-box-title\"><a href=\"https:\/\/competecs.udl.cat\/miembros\/victoria-marin\/\" target=\"_blank\">Victoria I. Marin Juarros<\/a><\/h3><p class=\"elementor-image-box-description\">Universitat de Lleida<\/p><\/div><\/div>\t\t\t\t<\/div>\n\t\t\t\t<\/div>\n\t\t\t\t<div class=\"elementor-element elementor-element-cb9531b elementor-widget elementor-widget-spacer\" data-id=\"cb9531b\" data-element_type=\"widget\" data-e-type=\"widget\" data-widget_type=\"spacer.default\">\n\t\t\t\t<div class=\"elementor-widget-container\">\n\t\t\t\t\t\t\t<div class=\"elementor-spacer\">\n\t\t\t<div class=\"elementor-spacer-inner\"><\/div>\n\t\t<\/div>\n\t\t\t\t\t\t<\/div>\n\t\t\t\t<\/div>\n\t\t\t\t\t<\/div>\n\t\t\t\t<\/div>\n\t\t<div class=\"elementor-element elementor-element-a3345ac e-flex e-con-boxed e-con e-parent\" data-id=\"a3345ac\" data-element_type=\"container\" data-e-type=\"container\">\n\t\t\t\t\t<div class=\"e-con-inner\">\n\t\t\t\t<div class=\"elementor-element elementor-element-0209f28 elementor-widget elementor-widget-text-editor\" data-id=\"0209f28\" data-element_type=\"widget\" data-e-type=\"widget\" data-widget_type=\"text-editor.default\">\n\t\t\t\t<div class=\"elementor-widget-container\">\n\t\t\t\t\t\t\t\t\t<p>Miembros investigadores<\/p>\t\t\t\t\t\t\t\t<\/div>\n\t\t\t\t<\/div>\n\t\t\t\t\t<\/div>\n\t\t\t\t<\/div>\n\t\t<div class=\"elementor-element elementor-element-4acbdde e-flex e-con-boxed e-con e-parent\" data-id=\"4acbdde\" data-element_type=\"container\" data-e-type=\"container\">\n\t\t\t\t\t<div class=\"e-con-inner\">\n\t\t<div class=\"elementor-element elementor-element-1988e0f e-con-full e-flex e-con e-child\" data-id=\"1988e0f\" data-element_type=\"container\" data-e-type=\"container\">\n\t\t\t\t<div class=\"elementor-element elementor-element-7912ecd elementor-position-top elementor-widget elementor-widget-image-box\" data-id=\"7912ecd\" data-element_type=\"widget\" data-e-type=\"widget\" data-widget_type=\"image-box.default\">\n\t\t\t\t<div class=\"elementor-widget-container\">\n\t\t\t\t\t<div class=\"elementor-image-box-wrapper\"><figure class=\"elementor-image-box-img\"><a href=\"https:\/\/competecs.udl.cat\/miembros\/victoria-marin\/\" target=\"_blank\" tabindex=\"-1\"><img decoding=\"async\" width=\"150\" height=\"150\" src=\"https:\/\/recercacompetecs.udl.cat\/codicri\/wp-content\/uploads\/2025\/06\/mariaab-150x150-1-e1749653849474.png\" class=\"elementor-animation-grow attachment-thumbnail size-thumbnail wp-image-278\" alt=\"\" \/><\/a><\/figure><div class=\"elementor-image-box-content\"><h3 class=\"elementor-image-box-title\"><a href=\"https:\/\/competecs.udl.cat\/miembros\/victoria-marin\/\" target=\"_blank\">Mar\u00eda Abascal Guerrero<\/a><\/h3><p class=\"elementor-image-box-description\">Universitat de Lleida<\/p><\/div><\/div>\t\t\t\t<\/div>\n\t\t\t\t<\/div>\n\t\t\t\t<\/div>\n\t\t<div class=\"elementor-element elementor-element-71e6c64 e-con-full e-flex e-con e-child\" data-id=\"71e6c64\" data-element_type=\"container\" data-e-type=\"container\">\n\t\t\t\t<div class=\"elementor-element elementor-element-f7866d2 elementor-position-top elementor-widget elementor-widget-image-box\" data-id=\"f7866d2\" data-element_type=\"widget\" data-e-type=\"widget\" data-widget_type=\"image-box.default\">\n\t\t\t\t<div class=\"elementor-widget-container\">\n\t\t\t\t\t<div class=\"elementor-image-box-wrapper\"><figure class=\"elementor-image-box-img\"><a href=\"https:\/\/competecs.udl.cat\/ca\/membres\/david-aguilar\/\" target=\"_blank\" tabindex=\"-1\"><img decoding=\"async\" width=\"150\" height=\"150\" src=\"https:\/\/recercacompetecs.udl.cat\/codicri\/wp-content\/uploads\/2025\/06\/David_Aguilar-300x300-1-e1749653811596-150x150.jpg\" class=\"elementor-animation-grow attachment-thumbnail size-thumbnail wp-image-277\" alt=\"\" srcset=\"https:\/\/recercacompetecs.udl.cat\/codicri\/wp-content\/uploads\/2025\/06\/David_Aguilar-300x300-1-e1749653811596-150x150.jpg 150w, https:\/\/recercacompetecs.udl.cat\/codicri\/wp-content\/uploads\/2025\/06\/David_Aguilar-300x300-1-e1749653811596.jpg 300w\" sizes=\"(max-width: 150px) 100vw, 150px\" \/><\/a><\/figure><div class=\"elementor-image-box-content\"><h3 class=\"elementor-image-box-title\"><a href=\"https:\/\/competecs.udl.cat\/ca\/membres\/david-aguilar\/\" target=\"_blank\">David Aguilar Cama\u00f1o<\/a><\/h3><p class=\"elementor-image-box-description\">Universitat de Lleida<\/p><\/div><\/div>\t\t\t\t<\/div>\n\t\t\t\t<\/div>\n\t\t\t\t<\/div>\n\t\t<div class=\"elementor-element elementor-element-6ca2c80 e-con-full e-flex e-con e-child\" data-id=\"6ca2c80\" data-element_type=\"container\" data-e-type=\"container\">\n\t\t\t\t<div class=\"elementor-element elementor-element-ebe4297 elementor-position-top elementor-widget elementor-widget-image-box\" data-id=\"ebe4297\" data-element_type=\"widget\" data-e-type=\"widget\" data-widget_type=\"image-box.default\">\n\t\t\t\t<div class=\"elementor-widget-container\">\n\t\t\t\t\t<div class=\"elementor-image-box-wrapper\"><figure class=\"elementor-image-box-img\"><a href=\"https:\/\/www.uji.es\/institucional\/estructura\/personal\/?p_profesor=713353\" target=\"_blank\" tabindex=\"-1\"><img loading=\"lazy\" decoding=\"async\" width=\"150\" height=\"150\" src=\"https:\/\/recercacompetecs.udl.cat\/codicri\/wp-content\/uploads\/2025\/06\/sara-buils-e1749654436403-150x150.png\" class=\"elementor-animation-grow attachment-thumbnail size-thumbnail wp-image-299\" alt=\"\" srcset=\"https:\/\/recercacompetecs.udl.cat\/codicri\/wp-content\/uploads\/2025\/06\/sara-buils-e1749654436403-150x150.png 150w, https:\/\/recercacompetecs.udl.cat\/codicri\/wp-content\/uploads\/2025\/06\/sara-buils-e1749654436403-300x300.png 300w, https:\/\/recercacompetecs.udl.cat\/codicri\/wp-content\/uploads\/2025\/06\/sara-buils-e1749654436403.png 320w\" sizes=\"(max-width: 150px) 100vw, 150px\" \/><\/a><\/figure><div class=\"elementor-image-box-content\"><h3 class=\"elementor-image-box-title\"><a href=\"https:\/\/www.uji.es\/institucional\/estructura\/personal\/?p_profesor=713353\" target=\"_blank\">Sara Buils Morales<\/a><\/h3><p class=\"elementor-image-box-description\">Universitat Jaume I<\/p><\/div><\/div>\t\t\t\t<\/div>\n\t\t\t\t<\/div>\n\t\t\t\t<\/div>\n\t\t<div class=\"elementor-element elementor-element-26cf3fa e-con-full e-flex e-con e-child\" data-id=\"26cf3fa\" data-element_type=\"container\" data-e-type=\"container\">\n\t\t\t\t<div class=\"elementor-element elementor-element-14397bc elementor-position-top elementor-widget elementor-widget-image-box\" data-id=\"14397bc\" data-element_type=\"widget\" data-e-type=\"widget\" data-widget_type=\"image-box.default\">\n\t\t\t\t<div class=\"elementor-widget-container\">\n\t\t\t\t\t<div class=\"elementor-image-box-wrapper\"><figure class=\"elementor-image-box-img\"><a href=\"https:\/\/competecs.udl.cat\/ca\/membres\/xavier-carrera\/\" target=\"_blank\" tabindex=\"-1\"><img loading=\"lazy\" decoding=\"async\" width=\"150\" height=\"150\" src=\"https:\/\/recercacompetecs.udl.cat\/codicri\/wp-content\/uploads\/2025\/06\/Xavier-Carrera-150x150-1-e1749653688842.jpg\" class=\"elementor-animation-grow attachment-thumbnail size-thumbnail wp-image-271\" alt=\"\" \/><\/a><\/figure><div class=\"elementor-image-box-content\"><h3 class=\"elementor-image-box-title\"><a href=\"https:\/\/competecs.udl.cat\/ca\/membres\/xavier-carrera\/\" target=\"_blank\">Xavier Carrera Farran<\/a><\/h3><p class=\"elementor-image-box-description\">Universitat de Lleida<\/p><\/div><\/div>\t\t\t\t<\/div>\n\t\t\t\t<\/div>\n\t\t\t\t<\/div>\n\t\t<div class=\"elementor-element elementor-element-1451b87 e-con-full e-flex e-con e-child\" data-id=\"1451b87\" data-element_type=\"container\" data-e-type=\"container\">\n\t\t\t\t<div class=\"elementor-element elementor-element-2acb606 elementor-position-top elementor-widget elementor-widget-image-box\" data-id=\"2acb606\" data-element_type=\"widget\" data-e-type=\"widget\" data-widget_type=\"image-box.default\">\n\t\t\t\t<div class=\"elementor-widget-container\">\n\t\t\t\t\t<div class=\"elementor-image-box-wrapper\"><figure class=\"elementor-image-box-img\"><a href=\"https:\/\/portalinvestigacion.um.es\/investigadores\/331477\/detalle\" target=\"_blank\" tabindex=\"-1\"><img loading=\"lazy\" decoding=\"async\" width=\"150\" height=\"150\" src=\"https:\/\/recercacompetecs.udl.cat\/codicri\/wp-content\/uploads\/2025\/06\/linda-cast-e1749654567896-150x150.png\" class=\"elementor-animation-grow attachment-thumbnail size-thumbnail wp-image-312\" alt=\"\" srcset=\"https:\/\/recercacompetecs.udl.cat\/codicri\/wp-content\/uploads\/2025\/06\/linda-cast-e1749654567896-150x150.png 150w, https:\/\/recercacompetecs.udl.cat\/codicri\/wp-content\/uploads\/2025\/06\/linda-cast-e1749654567896.png 177w\" sizes=\"(max-width: 150px) 100vw, 150px\" \/><\/a><\/figure><div class=\"elementor-image-box-content\"><h3 class=\"elementor-image-box-title\"><a href=\"https:\/\/portalinvestigacion.um.es\/investigadores\/331477\/detalle\" target=\"_blank\">Linda Casta\u00f1eda Quintero<\/a><\/h3><p class=\"elementor-image-box-description\">Universidad de Murcia<\/p><\/div><\/div>\t\t\t\t<\/div>\n\t\t\t\t<\/div>\n\t\t\t\t<\/div>\n\t\t<div class=\"elementor-element elementor-element-3449cfe e-con-full e-flex e-con e-child\" data-id=\"3449cfe\" data-element_type=\"container\" data-e-type=\"container\">\n\t\t\t\t<div class=\"elementor-element elementor-element-5d10690 elementor-position-top elementor-widget elementor-widget-image-box\" data-id=\"5d10690\" data-element_type=\"widget\" data-e-type=\"widget\" data-widget_type=\"image-box.default\">\n\t\t\t\t<div class=\"elementor-widget-container\">\n\t\t\t\t\t<div class=\"elementor-image-box-wrapper\"><figure class=\"elementor-image-box-img\"><a href=\"https:\/\/www.uji.es\/institucional\/estructura\/personal\/?p_profesor=117613\" target=\"_blank\" tabindex=\"-1\"><img loading=\"lazy\" decoding=\"async\" width=\"150\" height=\"150\" src=\"https:\/\/recercacompetecs.udl.cat\/codicri\/wp-content\/uploads\/2025\/06\/marc-UJI-e1749654457526-150x150.png\" class=\"elementor-animation-grow attachment-thumbnail size-thumbnail wp-image-282\" alt=\"\" \/><\/a><\/figure><div class=\"elementor-image-box-content\"><h3 class=\"elementor-image-box-title\"><a href=\"https:\/\/www.uji.es\/institucional\/estructura\/personal\/?p_profesor=117613\" target=\"_blank\">Francesc Esteve Mon<\/a><\/h3><p class=\"elementor-image-box-description\">Universitat Jaume I<\/p><\/div><\/div>\t\t\t\t<\/div>\n\t\t\t\t<\/div>\n\t\t\t\t<\/div>\n\t\t<div class=\"elementor-element elementor-element-7efd015 e-con-full e-flex e-con e-child\" data-id=\"7efd015\" data-element_type=\"container\" data-e-type=\"container\">\n\t\t\t\t<div class=\"elementor-element elementor-element-dbd34c5 elementor-position-top elementor-widget elementor-widget-image-box\" data-id=\"dbd34c5\" data-element_type=\"widget\" data-e-type=\"widget\" data-widget_type=\"image-box.default\">\n\t\t\t\t<div class=\"elementor-widget-container\">\n\t\t\t\t\t<div class=\"elementor-image-box-wrapper\"><figure class=\"elementor-image-box-img\"><a href=\"https:\/\/apolo.unab.edu.co\/es\/persons\/martha-lucia-orellana-hern%C3%A1ndez\" target=\"_blank\" tabindex=\"-1\"><img loading=\"lazy\" decoding=\"async\" width=\"150\" height=\"150\" src=\"https:\/\/recercacompetecs.udl.cat\/codicri\/wp-content\/uploads\/2025\/06\/martha-lu-e1749654910284-150x150.png\" class=\"elementor-animation-grow attachment-thumbnail size-thumbnail wp-image-327\" alt=\"\" \/><\/a><\/figure><div class=\"elementor-image-box-content\"><h3 class=\"elementor-image-box-title\"><a href=\"https:\/\/apolo.unab.edu.co\/es\/persons\/martha-lucia-orellana-hern%C3%A1ndez\" target=\"_blank\">Martha Luc\u00eda Orellana Hern\u00e1ndez<\/a><\/h3><p class=\"elementor-image-box-description\">UNAB Colombia<\/p><\/div><\/div>\t\t\t\t<\/div>\n\t\t\t\t<\/div>\n\t\t\t\t<\/div>\n\t\t<div class=\"elementor-element elementor-element-a0d6bb8 e-con-full e-flex e-con e-child\" data-id=\"a0d6bb8\" data-element_type=\"container\" data-e-type=\"container\">\n\t\t\t\t<div class=\"elementor-element elementor-element-72f69e2 elementor-position-top elementor-widget elementor-widget-image-box\" data-id=\"72f69e2\" data-element_type=\"widget\" data-e-type=\"widget\" data-widget_type=\"image-box.default\">\n\t\t\t\t<div class=\"elementor-widget-container\">\n\t\t\t\t\t<div class=\"elementor-image-box-wrapper\"><figure class=\"elementor-image-box-img\"><a href=\"https:\/\/competecs.udl.cat\/ca\/membres\/maria-carme-peguera\/\" target=\"_blank\" tabindex=\"-1\"><img loading=\"lazy\" decoding=\"async\" width=\"150\" height=\"150\" src=\"https:\/\/recercacompetecs.udl.cat\/codicri\/wp-content\/uploads\/2025\/06\/23-05-04-curriculum-021-e1739467261234-150x150-1-e1749653708481.jpg\" class=\"elementor-animation-grow attachment-thumbnail size-thumbnail wp-image-272\" alt=\"\" \/><\/a><\/figure><div class=\"elementor-image-box-content\"><h3 class=\"elementor-image-box-title\"><a href=\"https:\/\/competecs.udl.cat\/ca\/membres\/maria-carme-peguera\/\" target=\"_blank\">Maria Carme Peguera Carr\u00e9<\/a><\/h3><p class=\"elementor-image-box-description\">Universitat de Lleida<\/p><\/div><\/div>\t\t\t\t<\/div>\n\t\t\t\t<\/div>\n\t\t\t\t<\/div>\n\t\t<div class=\"elementor-element elementor-element-7c9769a e-con-full e-flex e-con e-child\" data-id=\"7c9769a\" data-element_type=\"container\" data-e-type=\"container\">\n\t\t\t\t<div class=\"elementor-element elementor-element-96a7646 elementor-position-top elementor-widget elementor-widget-image-box\" data-id=\"96a7646\" data-element_type=\"widget\" data-e-type=\"widget\" data-widget_type=\"image-box.default\">\n\t\t\t\t<div class=\"elementor-widget-container\">\n\t\t\t\t\t<div class=\"elementor-image-box-wrapper\"><figure class=\"elementor-image-box-img\"><a href=\"https:\/\/www.uib.es\/es\/personal\/ABjExODE5OA\/\" target=\"_blank\" tabindex=\"-1\"><img loading=\"lazy\" decoding=\"async\" width=\"150\" height=\"150\" src=\"https:\/\/recercacompetecs.udl.cat\/codicri\/wp-content\/uploads\/2025\/06\/IMG_1947-e1749727161243-150x150.png\" class=\"elementor-animation-grow attachment-thumbnail size-thumbnail wp-image-477\" alt=\"\" \/><\/a><\/figure><div class=\"elementor-image-box-content\"><h3 class=\"elementor-image-box-title\"><a href=\"https:\/\/www.uib.es\/es\/personal\/ABjExODE5OA\/\" target=\"_blank\">Gemma Tur Ferrer<\/a><\/h3><p class=\"elementor-image-box-description\">Universitat de les Illes Balears<\/p><\/div><\/div>\t\t\t\t<\/div>\n\t\t\t\t<\/div>\n\t\t\t\t<\/div>\n\t\t<div class=\"elementor-element elementor-element-5304b09 e-con-full e-flex e-con e-child\" data-id=\"5304b09\" data-element_type=\"container\" data-e-type=\"container\">\n\t\t\t\t<div class=\"elementor-element elementor-element-3375f34 elementor-position-top elementor-widget elementor-widget-image-box\" data-id=\"3375f34\" data-element_type=\"widget\" data-e-type=\"widget\" data-widget_type=\"image-box.default\">\n\t\t\t\t<div class=\"elementor-widget-container\">\n\t\t\t\t\t<div class=\"elementor-image-box-wrapper\"><figure class=\"elementor-image-box-img\"><a href=\"https:\/\/portaldelaciencia.uva.es\/investigadores\/181105\/detalle\" target=\"_blank\" tabindex=\"-1\"><img loading=\"lazy\" decoding=\"async\" width=\"150\" height=\"150\" src=\"https:\/\/recercacompetecs.udl.cat\/codicri\/wp-content\/uploads\/2025\/06\/sara-vilalgra-e1749727418127-150x150.png\" class=\"elementor-animation-grow attachment-thumbnail size-thumbnail wp-image-485\" alt=\"\" \/><\/a><\/figure><div class=\"elementor-image-box-content\"><h3 class=\"elementor-image-box-title\"><a href=\"https:\/\/portaldelaciencia.uva.es\/investigadores\/181105\/detalle\" target=\"_blank\">Sara Villagr\u00e1 Sobrino<\/a><\/h3><p class=\"elementor-image-box-description\">Universidad de Valladolid<\/p><\/div><\/div>\t\t\t\t<\/div>\n\t\t\t\t<\/div>\n\t\t\t\t<\/div>\n\t\t\t\t\t<\/div>\n\t\t\t\t<\/div>\n\t\t\t\t<\/div>\n\t\t","protected":false},"excerpt":{"rendered":"<p>Equipo Investigadora principal Victoria I. Marin Juarros Universitat de Lleida Miembros investigadores Mar\u00eda Abascal Guerrero Universitat de Lleida David Aguilar Cama\u00f1o Universitat de Lleida Sara Buils Morales Universitat Jaume I Xavier Carrera Farran Universitat de Lleida Linda Casta\u00f1eda Quintero Universidad de Murcia Francesc Esteve Mon Universitat Jaume I Martha Luc\u00eda Orellana Hern\u00e1ndez UNAB Colombia Maria [&hellip;]<\/p>\n","protected":false},"author":3,"featured_media":0,"parent":0,"menu_order":0,"comment_status":"closed","ping_status":"closed","template":"elementor_theme","meta":{"footnotes":""},"class_list":["post-27","page","type-page","status-publish","hentry"],"_links":{"self":[{"href":"https:\/\/recercacompetecs.udl.cat\/codicri\/wp-json\/wp\/v2\/pages\/27","targetHints":{"allow":["GET"]}}],"collection":[{"href":"https:\/\/recercacompetecs.udl.cat\/codicri\/wp-json\/wp\/v2\/pages"}],"about":[{"href":"https:\/\/recercacompetecs.udl.cat\/codicri\/wp-json\/wp\/v2\/types\/page"}],"author":[{"embeddable":true,"href":"https:\/\/recercacompetecs.udl.cat\/codicri\/wp-json\/wp\/v2\/users\/3"}],"replies":[{"embeddable":true,"href":"https:\/\/recercacompetecs.udl.cat\/codicri\/wp-json\/wp\/v2\/comments?post=27"}],"version-history":[{"count":191,"href":"https:\/\/recercacompetecs.udl.cat\/codicri\/wp-json\/wp\/v2\/pages\/27\/revisions"}],"predecessor-version":[{"id":2404,"href":"https:\/\/recercacompetecs.udl.cat\/codicri\/wp-json\/wp\/v2\/pages\/27\/revisions\/2404"}],"wp:attachment":[{"href":"https:\/\/recercacompetecs.udl.cat\/codicri\/wp-json\/wp\/v2\/media?parent=27"}],"curies":[{"name":"wp","href":"https:\/\/api.w.org\/{rel}","templated":true}]}}