{"id":2018,"date":"2025-07-07T14:14:16","date_gmt":"2025-07-07T12:14:16","guid":{"rendered":"https:\/\/recercacompetecs.udl.cat\/codicri\/?page_id=2018"},"modified":"2025-07-29T09:07:24","modified_gmt":"2025-07-29T07:07:24","slug":"catalogo-de-pea-cdc","status":"publish","type":"page","link":"https:\/\/recercacompetecs.udl.cat\/codicri\/resultados\/catalogo-de-pea-cdc","title":{"rendered":"Cat\u00e1logo de pr\u00e1cticas educativas abiertas que trabajan la competencia digital cr\u00edtica"},"content":{"rendered":"\t\t<div data-elementor-type=\"wp-page\" data-elementor-id=\"2018\" class=\"elementor elementor-2018\" data-elementor-post-type=\"page\">\n\t\t\t\t<div class=\"elementor-element elementor-element-99cda92 e-flex e-con-boxed e-con e-parent\" data-id=\"99cda92\" data-element_type=\"container\" data-e-type=\"container\">\n\t\t\t\t\t<div class=\"e-con-inner\">\n\t\t\t\t<div class=\"elementor-element elementor-element-7c256261 elementor-widget-divider--view-line_text elementor-widget-divider--element-align-center elementor-widget elementor-widget-divider\" data-id=\"7c256261\" data-element_type=\"widget\" data-e-type=\"widget\" data-widget_type=\"divider.default\">\n\t\t\t\t<div class=\"elementor-widget-container\">\n\t\t\t\t\t\t\t<div class=\"elementor-divider\">\n\t\t\t<span class=\"elementor-divider-separator\">\n\t\t\t\t\t\t\t<span class=\"elementor-divider__text elementor-divider__element\">\n\t\t\t\tCat\u00e1logo de pr\u00e1cticas educativas abiertas que trabajan la competencia digital cr\u00edtica\t\t\t\t<\/span>\n\t\t\t\t\t\t<\/span>\n\t\t<\/div>\n\t\t\t\t\t\t<\/div>\n\t\t\t\t<\/div>\n\t\t\t\t\t<\/div>\n\t\t\t\t<\/div>\n\t\t<div class=\"elementor-element elementor-element-93236c5 e-flex e-con-boxed e-con e-parent\" data-id=\"93236c5\" data-element_type=\"container\" data-e-type=\"container\">\n\t\t\t\t\t<div class=\"e-con-inner\">\n\t\t\t\t<div class=\"elementor-element elementor-element-119050d elementor-widget-divider--view-line elementor-widget elementor-widget-divider\" data-id=\"119050d\" data-element_type=\"widget\" data-e-type=\"widget\" data-widget_type=\"divider.default\">\n\t\t\t\t<div class=\"elementor-widget-container\">\n\t\t\t\t\t\t\t<div class=\"elementor-divider\">\n\t\t\t<span class=\"elementor-divider-separator\">\n\t\t\t\t\t\t<\/span>\n\t\t<\/div>\n\t\t\t\t\t\t<\/div>\n\t\t\t\t<\/div>\n\t\t\t\t<div class=\"elementor-element elementor-element-e072b31 elementor-widget elementor-widget-shortcode\" data-id=\"e072b31\" data-element_type=\"widget\" data-e-type=\"widget\" data-widget_type=\"shortcode.default\">\n\t\t\t\t<div class=\"elementor-widget-container\">\n\t\t\t\t\t\t\t<div class=\"elementor-shortcode\"><div id=\"tag-groups-tag-list-69ed7204df980\" class=\"tag-groups-tag-list\" style=\"column-count:2; column-gap:10px\"><div class=\"tag-groups-keep-together\"><h3 class=\" tag-groups-first-group\">Tipo\/s de pr&aacute;ctica\/s educativa\/s abierta\/s<\/h3><div class=\"tag-groups-tag-list-tags\"><span class=\"tag-groups-tag\" style=\"font-size:12px\"><a href=\"https:\/\/recercacompetecs.udl.cat\/codicri\/tag\/pea-justicia-social-centrada-en-aprendiz-y-contenido\"  title=\"(7)\"  class=\"pea-justicia-social-centrada-en-aprendiz-y-contenido\"><span class=\"tag-groups-label\" style=\"font-size:12px\">PEA: De justicia social centrada en el\/la aprendiz y el contenido<\/span><span class=\"tag-groups-append\" style=\"font-size:12px\"> (7)<\/span><\/a><\/span> <span class=\"tag-groups-tag\" style=\"font-size:12px\"><a href=\"https:\/\/recercacompetecs.udl.cat\/codicri\/tag\/pea-justicia-social-centrada-en-aprendiz-y-proceso\"  title=\"(4)\"  class=\"pea-justicia-social-centrada-en-aprendiz-y-proceso\"><span class=\"tag-groups-label\" style=\"font-size:12px\">PEA: De justicia social centrada en el\/la aprendiz y el proceso<\/span><span class=\"tag-groups-append\" style=\"font-size:12px\"> (4)<\/span><\/a><\/span> <span class=\"tag-groups-tag\" style=\"font-size:12px\"><a href=\"https:\/\/recercacompetecs.udl.cat\/codicri\/tag\/pea-justicia-social-centrada-en-docente-y-contenido\"  title=\"(3)\"  class=\"pea-justicia-social-centrada-en-docente-y-contenido\"><span class=\"tag-groups-label\" style=\"font-size:12px\">PEA: De justicia social centrada en el\/la docente y el contenido<\/span><span class=\"tag-groups-append\" style=\"font-size:12px\"> (3)<\/span><\/a><\/span> <span class=\"tag-groups-tag\" style=\"font-size:12px\"><a href=\"https:\/\/recercacompetecs.udl.cat\/codicri\/tag\/pea-justicia-social-centrada-en-docente-y-proceso\"  title=\"(1)\"  class=\"pea-justicia-social-centrada-en-docente-y-proceso\"><span class=\"tag-groups-label\" style=\"font-size:12px\">PEA: De justicia social centrada en el\/la docente y el proceso<\/span><span class=\"tag-groups-append\" style=\"font-size:12px\"> (1)<\/span><\/a><\/span> <span class=\"tag-groups-tag\" style=\"font-size:12px\"><a href=\"https:\/\/recercacompetecs.udl.cat\/codicri\/tag\/pea-pedagogica-centrada-en-aprendiz-y-contenido\"  title=\"(16)\"  class=\"pea-pedagogica-centrada-en-aprendiz-y-contenido\"><span class=\"tag-groups-label\" style=\"font-size:12px\">PEA: Pedag\u00f3gica centrada en el\/la aprendiz y el contenido<\/span><span class=\"tag-groups-append\" style=\"font-size:12px\"> (16)<\/span><\/a><\/span> <span class=\"tag-groups-tag\" style=\"font-size:12px\"><a href=\"https:\/\/recercacompetecs.udl.cat\/codicri\/tag\/pea-pedagogica-centrada-en-aprendiz-y-proceso\"  title=\"(20)\"  class=\"pea-pedagogica-centrada-en-aprendiz-y-proceso\"><span class=\"tag-groups-label\" style=\"font-size:12px\">PEA: Pedag\u00f3gica centrada en el\/la aprendiz y el proceso<\/span><span class=\"tag-groups-append\" style=\"font-size:12px\"> (20)<\/span><\/a><\/span> <span class=\"tag-groups-tag\" style=\"font-size:12px\"><a href=\"https:\/\/recercacompetecs.udl.cat\/codicri\/tag\/pea-pedagogica-centrada-en-docente-y-contenido\"  title=\"(7)\"  class=\"pea-pedagogica-centrada-en-docente-y-contenido\"><span class=\"tag-groups-label\" style=\"font-size:12px\">PEA: Pedag\u00f3gica centrada en el\/la docente y el contenido<\/span><span class=\"tag-groups-append\" style=\"font-size:12px\"> (7)<\/span><\/a><\/span> <span class=\"tag-groups-tag\" style=\"font-size:12px\"><a href=\"https:\/\/recercacompetecs.udl.cat\/codicri\/tag\/pea-pedagogica-centrada-en-docente-y-proceso\"  title=\"(6)\"  class=\"pea-pedagogica-centrada-en-docente-y-proceso\"><span class=\"tag-groups-label\" style=\"font-size:12px\">PEA: Pedag\u00f3gica centrada en el\/la docente y el proceso<\/span><span class=\"tag-groups-append\" style=\"font-size:12px\"> (6)<\/span><\/a><\/span> <\/div><\/div>\n<div class=\"tag-groups-keep-together\"><h3>Elemento\/s de la competencia digital cr&iacute;tica trabajada\/s<\/h3><div class=\"tag-groups-tag-list-tags\"><span class=\"tag-groups-tag\" style=\"font-size:12px\"><a href=\"https:\/\/recercacompetecs.udl.cat\/codicri\/tag\/cdc-alfabetizacion-en-datos\"  title=\"(6)\"  class=\"cdc-alfabetizacion-en-datos\"><span class=\"tag-groups-label\" style=\"font-size:12px\">CDC: Alfabetizaci\u00f3n en datos<\/span><span class=\"tag-groups-append\" style=\"font-size:12px\"> (6)<\/span><\/a><\/span> <span class=\"tag-groups-tag\" style=\"font-size:12px\"><a href=\"https:\/\/recercacompetecs.udl.cat\/codicri\/tag\/cdc-busqueda-analisis-procesamiento-y-comunicacion-de-informacion\"  title=\"(20)\"  class=\"cdc-busqueda-analisis-procesamiento-y-comunicacion-de-informacion\"><span class=\"tag-groups-label\" style=\"font-size:12px\">CDC: B\u00fasqueda \u2013 an\u00e1lisis - procesamiento y comunicaci\u00f3n de informaci\u00f3n<\/span><span class=\"tag-groups-append\" style=\"font-size:12px\"> (20)<\/span><\/a><\/span> <span class=\"tag-groups-tag\" style=\"font-size:12px\"><a href=\"https:\/\/recercacompetecs.udl.cat\/codicri\/tag\/cdc-ciudadania-y-responsabilidad-digitales\"  title=\"(15)\"  class=\"cdc-ciudadania-y-responsabilidad-digitales\"><span class=\"tag-groups-label\" style=\"font-size:12px\">CDC: Ciudadan\u00eda y responsabilidad digitales<\/span><span class=\"tag-groups-append\" style=\"font-size:12px\"> (15)<\/span><\/a><\/span> <span class=\"tag-groups-tag\" style=\"font-size:12px\"><a href=\"https:\/\/recercacompetecs.udl.cat\/codicri\/tag\/cdc-evaluacion-critica-de-contenido\"  title=\"(14)\"  class=\"cdc-evaluacion-critica-de-contenido\"><span class=\"tag-groups-label\" style=\"font-size:12px\">CDC: Evaluaci\u00f3n cr\u00edtica de contenido<\/span><span class=\"tag-groups-append\" style=\"font-size:12px\"> (14)<\/span><\/a><\/span> <span class=\"tag-groups-tag\" style=\"font-size:12px\"><a href=\"https:\/\/recercacompetecs.udl.cat\/codicri\/tag\/cdc-pensamiento-critico-sobre-el-mundo-digital\"  title=\"(17)\"  class=\"cdc-pensamiento-critico-sobre-el-mundo-digital\"><span class=\"tag-groups-label\" style=\"font-size:12px\">CDC: Pensamiento cr\u00edtico sobre el mundo digital<\/span><span class=\"tag-groups-append\" style=\"font-size:12px\"> (17)<\/span><\/a><\/span> <span class=\"tag-groups-tag\" style=\"font-size:12px\"><a href=\"https:\/\/recercacompetecs.udl.cat\/codicri\/tag\/cdc-produccion-mediatica-critica\"  title=\"(14)\"  class=\"cdc-produccion-mediatica-critica\"><span class=\"tag-groups-label\" style=\"font-size:12px\">CDC: Producci\u00f3n medi\u00e1tica (cr\u00edtica)<\/span><span class=\"tag-groups-append\" style=\"font-size:12px\"> (14)<\/span><\/a><\/span> <\/div><\/div>\n<\/div><\/div>\n\t\t\t\t\t\t<\/div>\n\t\t\t\t<\/div>\n\t\t\t\t\t<\/div>\n\t\t\t\t<\/div>\n\t\t\t\t<\/div>\n\t\t","protected":false},"excerpt":{"rendered":"<p>Cat\u00e1logo de pr\u00e1cticas educativas abiertas que trabajan la competencia digital cr\u00edtica<\/p>\n","protected":false},"author":2,"featured_media":0,"parent":30,"menu_order":0,"comment_status":"closed","ping_status":"closed","template":"","meta":{"footnotes":""},"class_list":["post-2018","page","type-page","status-publish","hentry"],"_links":{"self":[{"href":"https:\/\/recercacompetecs.udl.cat\/codicri\/wp-json\/wp\/v2\/pages\/2018","targetHints":{"allow":["GET"]}}],"collection":[{"href":"https:\/\/recercacompetecs.udl.cat\/codicri\/wp-json\/wp\/v2\/pages"}],"about":[{"href":"https:\/\/recercacompetecs.udl.cat\/codicri\/wp-json\/wp\/v2\/types\/page"}],"author":[{"embeddable":true,"href":"https:\/\/recercacompetecs.udl.cat\/codicri\/wp-json\/wp\/v2\/users\/2"}],"replies":[{"embeddable":true,"href":"https:\/\/recercacompetecs.udl.cat\/codicri\/wp-json\/wp\/v2\/comments?post=2018"}],"version-history":[{"count":20,"href":"https:\/\/recercacompetecs.udl.cat\/codicri\/wp-json\/wp\/v2\/pages\/2018\/revisions"}],"predecessor-version":[{"id":2354,"href":"https:\/\/recercacompetecs.udl.cat\/codicri\/wp-json\/wp\/v2\/pages\/2018\/revisions\/2354"}],"up":[{"embeddable":true,"href":"https:\/\/recercacompetecs.udl.cat\/codicri\/wp-json\/wp\/v2\/pages\/30"}],"wp:attachment":[{"href":"https:\/\/recercacompetecs.udl.cat\/codicri\/wp-json\/wp\/v2\/media?parent=2018"}],"curies":[{"name":"wp","href":"https:\/\/api.w.org\/{rel}","templated":true}]}}