{"id":1680,"date":"2025-07-01T10:13:39","date_gmt":"2025-07-01T08:13:39","guid":{"rendered":"https:\/\/recercacompetecs.udl.cat\/codicri\/?page_id=1680"},"modified":"2026-02-23T16:19:47","modified_gmt":"2026-02-23T15:19:47","slug":"coleccion-de-pea-redisenadas-e-implementadas","status":"publish","type":"page","link":"https:\/\/recercacompetecs.udl.cat\/codicri\/coleccion-de-pea-redisenadas-e-implementadas","title":{"rendered":"Colecci\u00f3n de PEA (re)dise\u00f1adas e implementadas en el contexto del proyecto"},"content":{"rendered":"\t\t<div data-elementor-type=\"wp-page\" data-elementor-id=\"1680\" class=\"elementor elementor-1680\" data-elementor-post-type=\"page\">\n\t\t\t\t<div class=\"elementor-element elementor-element-b9569b0 e-flex e-con-boxed e-con e-parent\" data-id=\"b9569b0\" data-element_type=\"container\" data-e-type=\"container\">\n\t\t\t\t\t<div class=\"e-con-inner\">\n\t\t\t\t<div class=\"elementor-element elementor-element-4447e24 elementor-widget elementor-widget-spacer\" data-id=\"4447e24\" data-element_type=\"widget\" data-e-type=\"widget\" data-widget_type=\"spacer.default\">\n\t\t\t\t<div class=\"elementor-widget-container\">\n\t\t\t\t\t\t\t<div class=\"elementor-spacer\">\n\t\t\t<div class=\"elementor-spacer-inner\"><\/div>\n\t\t<\/div>\n\t\t\t\t\t\t<\/div>\n\t\t\t\t<\/div>\n\t\t\t\t<div class=\"elementor-element elementor-element-799d37cf elementor-widget-divider--view-line_text elementor-widget-divider--element-align-center elementor-widget elementor-widget-divider\" data-id=\"799d37cf\" data-element_type=\"widget\" data-e-type=\"widget\" data-widget_type=\"divider.default\">\n\t\t\t\t<div class=\"elementor-widget-container\">\n\t\t\t\t\t\t\t<div class=\"elementor-divider\">\n\t\t\t<span class=\"elementor-divider-separator\">\n\t\t\t\t\t\t\t<span class=\"elementor-divider__text elementor-divider__element\">\n\t\t\t\tColecci\u00f3n de PEA (re)dise\u00f1adas e implementadas en el contexto del proyecto\t\t\t\t<\/span>\n\t\t\t\t\t\t<\/span>\n\t\t<\/div>\n\t\t\t\t\t\t<\/div>\n\t\t\t\t<\/div>\n\t\t\t\t\t<\/div>\n\t\t\t\t<\/div>\n\t\t\t\t<section class=\"elementor-section elementor-top-section elementor-element elementor-element-79dc2616 elementor-section-boxed elementor-section-height-default elementor-section-height-default\" data-id=\"79dc2616\" data-element_type=\"section\" data-e-type=\"section\">\n\t\t\t\t\t\t<div class=\"elementor-container elementor-column-gap-default\">\n\t\t\t\t\t<div class=\"elementor-column elementor-col-100 elementor-top-column elementor-element elementor-element-287a28c1\" data-id=\"287a28c1\" data-element_type=\"column\" data-e-type=\"column\">\n\t\t\t<div class=\"elementor-widget-wrap elementor-element-populated\">\n\t\t\t\t\t\t<div class=\"elementor-element elementor-element-2a248a0 elementor-grid-3 elementor-grid-tablet-2 elementor-grid-mobile-1 elementor-posts--thumbnail-top elementor-card-shadow-yes elementor-posts__hover-gradient elementor-widget elementor-widget-posts\" data-id=\"2a248a0\" data-element_type=\"widget\" data-e-type=\"widget\" data-settings=\"{&quot;cards_columns&quot;:&quot;3&quot;,&quot;cards_columns_tablet&quot;:&quot;2&quot;,&quot;cards_columns_mobile&quot;:&quot;1&quot;,&quot;cards_row_gap&quot;:{&quot;unit&quot;:&quot;px&quot;,&quot;size&quot;:35,&quot;sizes&quot;:[]},&quot;cards_row_gap_tablet&quot;:{&quot;unit&quot;:&quot;px&quot;,&quot;size&quot;:&quot;&quot;,&quot;sizes&quot;:[]},&quot;cards_row_gap_mobile&quot;:{&quot;unit&quot;:&quot;px&quot;,&quot;size&quot;:&quot;&quot;,&quot;sizes&quot;:[]}}\" data-widget_type=\"posts.cards\">\n\t\t\t\t<div class=\"elementor-widget-container\">\n\t\t\t\t\t\t\t<div class=\"elementor-posts-container elementor-posts elementor-posts--skin-cards elementor-grid\" role=\"list\">\n\t\t\t\t<article class=\"elementor-post elementor-grid-item post-2613 post type-post status-publish format-standard hentry category-pea-disenos tag-cdc-alfabetizacion-en-datos tag-cdc-pensamiento-critico-sobre-el-mundo-digital tag-pea-pedagogica-centrada-en-aprendiz-y-proceso\" role=\"listitem\">\n\t\t\t<div class=\"elementor-post__card\">\n\t\t\t\t<div class=\"elementor-post__text\">\n\t\t\t\t<h3 class=\"elementor-post__title\">\n\t\t\t<a href=\"https:\/\/recercacompetecs.udl.cat\/codicri\/pea-disenos\/quien-decide-que-vemos-en-netflix\" target=&quot;_blank&quot;>\n\t\t\t\t\u00bfQui\u00e9n decide qu\u00e9 vemos en Netflix?\t\t\t<\/a>\n\t\t<\/h3>\n\t\t\t\t<div class=\"elementor-post__excerpt\">\n\t\t\t<p>PEA centrada en la comprensi\u00f3n de los algoritmos y su funcionamiento en la vida cotidiana.<\/p>\n\t\t<\/div>\n\t\t\n\t\t<a class=\"elementor-post__read-more\" href=\"https:\/\/recercacompetecs.udl.cat\/codicri\/pea-disenos\/quien-decide-que-vemos-en-netflix\" aria-label=\"M\u00e1s informaci\u00f3n sobre \u00bfQui\u00e9n decide qu\u00e9 vemos en Netflix?\" tabindex=\"-1\" target=\"_blank\">\n\t\t\tLeer m\u00e1s \u00bb\t\t<\/a>\n\n\t\t\t\t<\/div>\n\t\t\t\t\t<\/div>\n\t\t<\/article>\n\t\t\t\t<article class=\"elementor-post elementor-grid-item post-1770 post type-post status-publish format-standard hentry category-pea-disenos tag-cdc-ciudadania-y-responsabilidad-digitales tag-pea-justicia-social-centrada-en-aprendiz-y-contenido tag-pea-justicia-social-centrada-en-aprendiz-y-proceso tag-pea-pedagogica-centrada-en-aprendiz-y-proceso\" role=\"listitem\">\n\t\t\t<div class=\"elementor-post__card\">\n\t\t\t\t<div class=\"elementor-post__text\">\n\t\t\t\t<h3 class=\"elementor-post__title\">\n\t\t\t<a href=\"https:\/\/recercacompetecs.udl.cat\/codicri\/pea-disenos\/sabes-quien-eres-en-internet-construye-una-huella-digital-etica-y-responsable\" target=&quot;_blank&quot;>\n\t\t\t\t\u00bfSabes qui\u00e9n eres en internet? Construye una huella digital \u00e9tica y responsable\t\t\t<\/a>\n\t\t<\/h3>\n\t\t\t\t<div class=\"elementor-post__excerpt\">\n\t\t\t<p>PEA con el objetivo de ayudar al alumnado a comprender el impacto de su huella digital y reconocer su papel como ciudadan\u00eda digital en el fomento de entornos en l\u00ednea seguros, inclusivos y libres de discriminaci\u00f3n.<\/p>\n\t\t<\/div>\n\t\t\n\t\t<a class=\"elementor-post__read-more\" href=\"https:\/\/recercacompetecs.udl.cat\/codicri\/pea-disenos\/sabes-quien-eres-en-internet-construye-una-huella-digital-etica-y-responsable\" aria-label=\"M\u00e1s informaci\u00f3n sobre \u00bfSabes qui\u00e9n eres en internet? Construye una huella digital \u00e9tica y responsable\" tabindex=\"-1\" target=\"_blank\">\n\t\t\tLeer m\u00e1s \u00bb\t\t<\/a>\n\n\t\t\t\t<\/div>\n\t\t\t\t\t<\/div>\n\t\t<\/article>\n\t\t\t\t<article class=\"elementor-post elementor-grid-item post-1772 post type-post status-publish format-standard hentry category-pea-disenos tag-cdc-pensamiento-critico-sobre-el-mundo-digital tag-pea-pedagogica-centrada-en-aprendiz-y-contenido tag-pea-pedagogica-centrada-en-aprendiz-y-proceso\" role=\"listitem\">\n\t\t\t<div class=\"elementor-post__card\">\n\t\t\t\t<div class=\"elementor-post__text\">\n\t\t\t\t<h3 class=\"elementor-post__title\">\n\t\t\t<a href=\"https:\/\/recercacompetecs.udl.cat\/codicri\/pea-disenos\/analisis-de-apps-de-ia-generativa-para-propuestas-didacticas\" target=&quot;_blank&quot;>\n\t\t\t\tAn\u00e1lisis de apps de IA generativa para propuestas did\u00e1cticas\t\t\t<\/a>\n\t\t<\/h3>\n\t\t\t\t<div class=\"elementor-post__excerpt\">\n\t\t\t<p>PEA centrada en el an\u00e1lisis cr\u00edtico de apps de IA generativa para su aplicaci\u00f3n en propuestas did\u00e1cticas.<\/p>\n\t\t<\/div>\n\t\t\n\t\t<a class=\"elementor-post__read-more\" href=\"https:\/\/recercacompetecs.udl.cat\/codicri\/pea-disenos\/analisis-de-apps-de-ia-generativa-para-propuestas-didacticas\" aria-label=\"M\u00e1s informaci\u00f3n sobre An\u00e1lisis de apps de IA generativa para propuestas did\u00e1cticas\" tabindex=\"-1\" target=\"_blank\">\n\t\t\tLeer m\u00e1s \u00bb\t\t<\/a>\n\n\t\t\t\t<\/div>\n\t\t\t\t\t<\/div>\n\t\t<\/article>\n\t\t\t\t<article class=\"elementor-post elementor-grid-item post-2717 post type-post status-publish format-standard hentry category-pea-disenos tag-cdc-ciudadania-y-responsabilidad-digitales tag-cdc-pensamiento-critico-sobre-el-mundo-digital tag-cdc-produccion-mediatica-critica tag-pea-justicia-social-centrada-en-aprendiz-y-proceso tag-pea-pedagogica-centrada-en-aprendiz-y-proceso\" role=\"listitem\">\n\t\t\t<div class=\"elementor-post__card\">\n\t\t\t\t<div class=\"elementor-post__text\">\n\t\t\t\t<h3 class=\"elementor-post__title\">\n\t\t\t<a href=\"https:\/\/recercacompetecs.udl.cat\/codicri\/pea-disenos\/arqueologos-del-imaginario-infantil\" target=&quot;_blank&quot;>\n\t\t\t\tArque\u00f3logos del imaginario infantil\t\t\t<\/a>\n\t\t<\/h3>\n\t\t\t\t<div class=\"elementor-post__excerpt\">\n\t\t\t<p>PEA centrada en recoger el imaginario de consumo medi\u00e1tico de los\/as ni\u00f1os\/as de Educaci\u00f3n Infantil o Primaria.<\/p>\n\t\t<\/div>\n\t\t\n\t\t<a class=\"elementor-post__read-more\" href=\"https:\/\/recercacompetecs.udl.cat\/codicri\/pea-disenos\/arqueologos-del-imaginario-infantil\" aria-label=\"M\u00e1s informaci\u00f3n sobre Arque\u00f3logos del imaginario infantil\" tabindex=\"-1\" target=\"_blank\">\n\t\t\tLeer m\u00e1s \u00bb\t\t<\/a>\n\n\t\t\t\t<\/div>\n\t\t\t\t\t<\/div>\n\t\t<\/article>\n\t\t\t\t<article class=\"elementor-post elementor-grid-item post-1776 post type-post status-publish format-standard hentry category-pea-disenos tag-cdc-busqueda-analisis-procesamiento-y-comunicacion-de-informacion tag-cdc-produccion-mediatica-critica tag-pea-pedagogica-centrada-en-aprendiz-y-proceso\" role=\"listitem\">\n\t\t\t<div class=\"elementor-post__card\">\n\t\t\t\t<div class=\"elementor-post__text\">\n\t\t\t\t<h3 class=\"elementor-post__title\">\n\t\t\t<a href=\"https:\/\/recercacompetecs.udl.cat\/codicri\/pea-disenos\/cartografias-digitales-para-narrar-cuentos\" target=&quot;_blank&quot;>\n\t\t\t\tCartograf\u00edas digitales para narrar cuentos\t\t\t<\/a>\n\t\t<\/h3>\n\t\t\t\t<div class=\"elementor-post__excerpt\">\n\t\t\t<p>PEA que pretende que el estudiantado reflexione sobre la importancia de la introducci\u00f3n de cuentos cl\u00e1sicos de la literatura en la infancia a trav\u00e9s de la creaci\u00f3n de cartograf\u00edas digitales dise\u00f1adas para que los\/as escolares (de Ed. Infantil o Primaria) creen sus propias narrativas.<\/p>\n\t\t<\/div>\n\t\t\n\t\t<a class=\"elementor-post__read-more\" href=\"https:\/\/recercacompetecs.udl.cat\/codicri\/pea-disenos\/cartografias-digitales-para-narrar-cuentos\" aria-label=\"M\u00e1s informaci\u00f3n sobre Cartograf\u00edas digitales para narrar cuentos\" tabindex=\"-1\" target=\"_blank\">\n\t\t\tLeer m\u00e1s \u00bb\t\t<\/a>\n\n\t\t\t\t<\/div>\n\t\t\t\t\t<\/div>\n\t\t<\/article>\n\t\t\t\t<article class=\"elementor-post elementor-grid-item post-1779 post type-post status-publish format-standard hentry category-pea-disenos tag-cdc-produccion-mediatica-critica tag-pea-justicia-social-centrada-en-aprendiz-y-contenido\" role=\"listitem\">\n\t\t\t<div class=\"elementor-post__card\">\n\t\t\t\t<div class=\"elementor-post__text\">\n\t\t\t\t<h3 class=\"elementor-post__title\">\n\t\t\t<a href=\"https:\/\/recercacompetecs.udl.cat\/codicri\/pea-disenos\/creacion-de-una-intervencion-curricular-critica-icc\" target=&quot;_blank&quot;>\n\t\t\t\tCreaci\u00f3n de una intervenci\u00f3n curricular cr\u00edtica (ICC)\t\t\t<\/a>\n\t\t<\/h3>\n\t\t\t\t<div class=\"elementor-post__excerpt\">\n\t\t\t<p>PEA que busca analizar cr\u00edticamente la estructura y los supuestos ideol\u00f3gicos del curr\u00edculo educativo, desarrollar una lectura pol\u00edtica del curr\u00edculo y fomentar una intervenci\u00f3n creativa para reimaginar el curr\u00edculo desde una perspectiva transformadora y reflexionar sobre el rol docente en esta l\u00ednea.<\/p>\n\t\t<\/div>\n\t\t\n\t\t<a class=\"elementor-post__read-more\" href=\"https:\/\/recercacompetecs.udl.cat\/codicri\/pea-disenos\/creacion-de-una-intervencion-curricular-critica-icc\" aria-label=\"M\u00e1s informaci\u00f3n sobre Creaci\u00f3n de una intervenci\u00f3n curricular cr\u00edtica (ICC)\" tabindex=\"-1\" target=\"_blank\">\n\t\t\tLeer m\u00e1s \u00bb\t\t<\/a>\n\n\t\t\t\t<\/div>\n\t\t\t\t\t<\/div>\n\t\t<\/article>\n\t\t\t\t<article class=\"elementor-post elementor-grid-item post-2766 post type-post status-publish format-standard hentry category-pea-disenos tag-cdc-alfabetizacion-en-datos tag-cdc-busqueda-analisis-procesamiento-y-comunicacion-de-informacion tag-cdc-ciudadania-y-responsabilidad-digitales tag-cdc-pensamiento-critico-sobre-el-mundo-digital tag-pea-pedagogica-centrada-en-aprendiz-y-proceso tag-pea-pedagogica-centrada-en-docente-y-proceso\" role=\"listitem\">\n\t\t\t<div class=\"elementor-post__card\">\n\t\t\t\t<div class=\"elementor-post__text\">\n\t\t\t\t<h3 class=\"elementor-post__title\">\n\t\t\t<a href=\"https:\/\/recercacompetecs.udl.cat\/codicri\/pea-disenos\/detectives-digitales\" target=&quot;_blank&quot;>\n\t\t\t\tDetectives digitales\t\t\t<\/a>\n\t\t<\/h3>\n\t\t\t\t<div class=\"elementor-post__excerpt\">\n\t\t\t<p>PEA donde el alumnado explora sus h\u00e1bitos de uso de la tecnolog\u00eda para desarrollar una conciencia digital cr\u00edtica.<\/p>\n\t\t<\/div>\n\t\t\n\t\t<a class=\"elementor-post__read-more\" href=\"https:\/\/recercacompetecs.udl.cat\/codicri\/pea-disenos\/detectives-digitales\" aria-label=\"M\u00e1s informaci\u00f3n sobre Detectives digitales\" tabindex=\"-1\" target=\"_blank\">\n\t\t\tLeer m\u00e1s \u00bb\t\t<\/a>\n\n\t\t\t\t<\/div>\n\t\t\t\t\t<\/div>\n\t\t<\/article>\n\t\t\t\t<article class=\"elementor-post elementor-grid-item post-2044 post type-post status-publish format-standard hentry category-pea-disenos tag-cdc-produccion-mediatica-critica tag-pea-pedagogica-centrada-en-aprendiz-y-contenido\" role=\"listitem\">\n\t\t\t<div class=\"elementor-post__card\">\n\t\t\t\t<div class=\"elementor-post__text\">\n\t\t\t\t<h3 class=\"elementor-post__title\">\n\t\t\t<a href=\"https:\/\/recercacompetecs.udl.cat\/codicri\/pea-disenos\/espacios-y-recursos-tecnologicos-capturados-mediante-fotografias\" target=&quot;_blank&quot;>\n\t\t\t\tEspacios y recursos tecnol\u00f3gicos capturados mediante fotograf\u00edas\t\t\t<\/a>\n\t\t<\/h3>\n\t\t\t\t<div class=\"elementor-post__excerpt\">\n\t\t\t<p>PEA que tiene como objetivo descubrir diferentes espacios y recursos tecnol\u00f3gicos para el aprendizaje en contextos educativos mediante la fotograf\u00eda digital.<\/p>\n\t\t<\/div>\n\t\t\n\t\t<a class=\"elementor-post__read-more\" href=\"https:\/\/recercacompetecs.udl.cat\/codicri\/pea-disenos\/espacios-y-recursos-tecnologicos-capturados-mediante-fotografias\" aria-label=\"M\u00e1s informaci\u00f3n sobre Espacios y recursos tecnol\u00f3gicos capturados mediante fotograf\u00edas\" tabindex=\"-1\" target=\"_blank\">\n\t\t\tLeer m\u00e1s \u00bb\t\t<\/a>\n\n\t\t\t\t<\/div>\n\t\t\t\t\t<\/div>\n\t\t<\/article>\n\t\t\t\t<article class=\"elementor-post elementor-grid-item post-1781 post type-post status-publish format-standard hentry category-pea-disenos tag-cdc-alfabetizacion-en-datos tag-cdc-busqueda-analisis-procesamiento-y-comunicacion-de-informacion tag-cdc-ciudadania-y-responsabilidad-digitales tag-cdc-evaluacion-critica-de-contenido tag-cdc-pensamiento-critico-sobre-el-mundo-digital tag-cdc-produccion-mediatica-critica tag-pea-justicia-social-centrada-en-aprendiz-y-contenido tag-pea-justicia-social-centrada-en-aprendiz-y-proceso\" role=\"listitem\">\n\t\t\t<div class=\"elementor-post__card\">\n\t\t\t\t<div class=\"elementor-post__text\">\n\t\t\t\t<h3 class=\"elementor-post__title\">\n\t\t\t<a href=\"https:\/\/recercacompetecs.udl.cat\/codicri\/pea-disenos\/familias-pantallas-y-escuelas-creando-mensajes-que-importan\" target=&quot;_blank&quot;>\n\t\t\t\tFamilias, pantallas y escuelas: creando mensajes que importan\t\t\t<\/a>\n\t\t<\/h3>\n\t\t\t\t<div class=\"elementor-post__excerpt\">\n\t\t\t<p>PEA centrada en el an\u00e1lisis, investigaci\u00f3n y producci\u00f3n comunicativa situada en el problema real del uso de pantallas en la infancia y las formas en que las familias y el entorno escolar se posicionan frente a \u00e9l.<\/p>\n\t\t<\/div>\n\t\t\n\t\t<a class=\"elementor-post__read-more\" href=\"https:\/\/recercacompetecs.udl.cat\/codicri\/pea-disenos\/familias-pantallas-y-escuelas-creando-mensajes-que-importan\" aria-label=\"M\u00e1s informaci\u00f3n sobre Familias, pantallas y escuelas: creando mensajes que importan\" tabindex=\"-1\" target=\"_blank\">\n\t\t\tLeer m\u00e1s \u00bb\t\t<\/a>\n\n\t\t\t\t<\/div>\n\t\t\t\t\t<\/div>\n\t\t<\/article>\n\t\t\t\t<article class=\"elementor-post elementor-grid-item post-1784 post type-post status-publish format-standard hentry category-pea-disenos tag-cdc-alfabetizacion-en-datos tag-cdc-evaluacion-critica-de-contenido tag-cdc-pensamiento-critico-sobre-el-mundo-digital tag-pea-justicia-social-centrada-en-aprendiz-y-contenido tag-pea-justicia-social-centrada-en-docente-y-contenido\" role=\"listitem\">\n\t\t\t<div class=\"elementor-post__card\">\n\t\t\t\t<div class=\"elementor-post__text\">\n\t\t\t\t<h3 class=\"elementor-post__title\">\n\t\t\t<a href=\"https:\/\/recercacompetecs.udl.cat\/codicri\/pea-disenos\/la-ia-bajo-la-lupa-revelando-sesgos-ocultos-y-sus-dilemas-eticos\" target=&quot;_blank&quot;>\n\t\t\t\tLa IA bajo la lupa: revelando sesgos ocultos y sus dilemas \u00e9ticos\t\t\t<\/a>\n\t\t<\/h3>\n\t\t\t\t<div class=\"elementor-post__excerpt\">\n\t\t\t<p>PEA que tiene como objetivo guiar al alumnado en el an\u00e1lisis del sesgo en los sistemas de IA, explorando sus implicaciones sociales y realizando una reflexi\u00f3n cr\u00edtica sobre los retos \u00e9ticos que plantea.<\/p>\n\t\t<\/div>\n\t\t\n\t\t<a class=\"elementor-post__read-more\" href=\"https:\/\/recercacompetecs.udl.cat\/codicri\/pea-disenos\/la-ia-bajo-la-lupa-revelando-sesgos-ocultos-y-sus-dilemas-eticos\" aria-label=\"M\u00e1s informaci\u00f3n sobre La IA bajo la lupa: revelando sesgos ocultos y sus dilemas \u00e9ticos\" tabindex=\"-1\" target=\"_blank\">\n\t\t\tLeer m\u00e1s \u00bb\t\t<\/a>\n\n\t\t\t\t<\/div>\n\t\t\t\t\t<\/div>\n\t\t<\/article>\n\t\t\t\t<article class=\"elementor-post elementor-grid-item post-2551 post type-post status-publish format-standard hentry category-pea-disenos tag-cdc-ciudadania-y-responsabilidad-digitales tag-cdc-evaluacion-critica-de-contenido tag-cdc-pensamiento-critico-sobre-el-mundo-digital tag-cdc-produccion-mediatica-critica tag-pea-pedagogica-centrada-en-aprendiz-y-proceso\" role=\"listitem\">\n\t\t\t<div class=\"elementor-post__card\">\n\t\t\t\t<div class=\"elementor-post__text\">\n\t\t\t\t<h3 class=\"elementor-post__title\">\n\t\t\t<a href=\"https:\/\/recercacompetecs.udl.cat\/codicri\/pea-disenos\/mi-ple-critico\" target=&quot;_blank&quot;>\n\t\t\t\tMi PLE cr\u00edtico\t\t\t<\/a>\n\t\t<\/h3>\n\t\t\t\t<div class=\"elementor-post__excerpt\">\n\t\t\t<p>PEA centrada en el desarrollo de competencias digitales para el acceso cr\u00edtico a la informaci\u00f3n a trav\u00e9s del an\u00e1lisis de noticias falsas y la generaci\u00f3n de un PLE cr\u00edtico.<\/p>\n\t\t<\/div>\n\t\t\n\t\t<a class=\"elementor-post__read-more\" href=\"https:\/\/recercacompetecs.udl.cat\/codicri\/pea-disenos\/mi-ple-critico\" aria-label=\"M\u00e1s informaci\u00f3n sobre Mi PLE cr\u00edtico\" tabindex=\"-1\" target=\"_blank\">\n\t\t\tLeer m\u00e1s \u00bb\t\t<\/a>\n\n\t\t\t\t<\/div>\n\t\t\t\t\t<\/div>\n\t\t<\/article>\n\t\t\t\t<article class=\"elementor-post elementor-grid-item post-2609 post type-post status-publish format-standard hentry category-pea-disenos tag-cdc-ciudadania-y-responsabilidad-digitales tag-cdc-produccion-mediatica-critica tag-pea-justicia-social-centrada-en-aprendiz-y-contenido tag-pea-justicia-social-centrada-en-docente-y-contenido\" role=\"listitem\">\n\t\t\t<div class=\"elementor-post__card\">\n\t\t\t\t<div class=\"elementor-post__text\">\n\t\t\t\t<h3 class=\"elementor-post__title\">\n\t\t\t<a href=\"https:\/\/recercacompetecs.udl.cat\/codicri\/pea-disenos\/ser-edutuber\" target=&quot;_blank&quot;>\n\t\t\t\tSer edutuber, equilibrando g\u00e9nero en el ecosistema digital audiovisual\t\t\t<\/a>\n\t\t<\/h3>\n\t\t\t\t<div class=\"elementor-post__excerpt\">\n\t\t\t<p>PEA centrada en la creaci\u00f3n de v\u00eddeos cortos bajo el planteamiento cr\u00edtico de la competencia digital asumiendo la figura femenina como creadora de contenido.<\/p>\n\t\t<\/div>\n\t\t\n\t\t<a class=\"elementor-post__read-more\" href=\"https:\/\/recercacompetecs.udl.cat\/codicri\/pea-disenos\/ser-edutuber\" aria-label=\"M\u00e1s informaci\u00f3n sobre Ser edutuber, equilibrando g\u00e9nero en el ecosistema digital audiovisual\" tabindex=\"-1\" target=\"_blank\">\n\t\t\tLeer m\u00e1s \u00bb\t\t<\/a>\n\n\t\t\t\t<\/div>\n\t\t\t\t\t<\/div>\n\t\t<\/article>\n\t\t\t\t<article class=\"elementor-post elementor-grid-item post-2047 post type-post status-publish format-standard hentry category-pea-disenos tag-cdc-busqueda-analisis-procesamiento-y-comunicacion-de-informacion tag-cdc-pensamiento-critico-sobre-el-mundo-digital tag-pea-justicia-social-centrada-en-aprendiz-y-proceso tag-pea-pedagogica-centrada-en-aprendiz-y-proceso\" role=\"listitem\">\n\t\t\t<div class=\"elementor-post__card\">\n\t\t\t\t<div class=\"elementor-post__text\">\n\t\t\t\t<h3 class=\"elementor-post__title\">\n\t\t\t<a href=\"https:\/\/recercacompetecs.udl.cat\/codicri\/pea-disenos\/taller-de-inteligencia-artificial-generativa-aplicada-a-la-educacion\" target=&quot;_blank&quot;>\n\t\t\t\tTaller de Inteligencia Artificial Generativa aplicada a la educaci\u00f3n\t\t\t<\/a>\n\t\t<\/h3>\n\t\t\t\t<div class=\"elementor-post__excerpt\">\n\t\t\t<p>PEA centrada en conocer las bases de la inteligencia artificial generativa (IAG) desde una perspectiva \u00e9tica y su aplicaci\u00f3n a la educaci\u00f3n.<\/p>\n\t\t<\/div>\n\t\t\n\t\t<a class=\"elementor-post__read-more\" href=\"https:\/\/recercacompetecs.udl.cat\/codicri\/pea-disenos\/taller-de-inteligencia-artificial-generativa-aplicada-a-la-educacion\" aria-label=\"M\u00e1s informaci\u00f3n sobre Taller de Inteligencia Artificial Generativa aplicada a la educaci\u00f3n\" tabindex=\"-1\" target=\"_blank\">\n\t\t\tLeer m\u00e1s \u00bb\t\t<\/a>\n\n\t\t\t\t<\/div>\n\t\t\t\t\t<\/div>\n\t\t<\/article>\n\t\t\t\t<\/div>\n\t\t\n\t\t\t\t\t\t<\/div>\n\t\t\t\t<\/div>\n\t\t\t\t\t<\/div>\n\t\t<\/div>\n\t\t\t\t\t<\/div>\n\t\t<\/section>\n\t\t\t\t<\/div>\n\t\t","protected":false},"excerpt":{"rendered":"<p>Colecci\u00f3n de PEA (re)dise\u00f1adas e implementadas en el contexto del proyecto<\/p>\n","protected":false},"author":2,"featured_media":0,"parent":0,"menu_order":0,"comment_status":"closed","ping_status":"closed","template":"","meta":{"footnotes":""},"class_list":["post-1680","page","type-page","status-publish","hentry"],"_links":{"self":[{"href":"https:\/\/recercacompetecs.udl.cat\/codicri\/wp-json\/wp\/v2\/pages\/1680","targetHints":{"allow":["GET"]}}],"collection":[{"href":"https:\/\/recercacompetecs.udl.cat\/codicri\/wp-json\/wp\/v2\/pages"}],"about":[{"href":"https:\/\/recercacompetecs.udl.cat\/codicri\/wp-json\/wp\/v2\/types\/page"}],"author":[{"embeddable":true,"href":"https:\/\/recercacompetecs.udl.cat\/codicri\/wp-json\/wp\/v2\/users\/2"}],"replies":[{"embeddable":true,"href":"https:\/\/recercacompetecs.udl.cat\/codicri\/wp-json\/wp\/v2\/comments?post=1680"}],"version-history":[{"count":36,"href":"https:\/\/recercacompetecs.udl.cat\/codicri\/wp-json\/wp\/v2\/pages\/1680\/revisions"}],"predecessor-version":[{"id":2722,"href":"https:\/\/recercacompetecs.udl.cat\/codicri\/wp-json\/wp\/v2\/pages\/1680\/revisions\/2722"}],"wp:attachment":[{"href":"https:\/\/recercacompetecs.udl.cat\/codicri\/wp-json\/wp\/v2\/media?parent=1680"}],"curies":[{"name":"wp","href":"https:\/\/api.w.org\/{rel}","templated":true}]}}