{"id":1175,"date":"2025-06-17T11:55:30","date_gmt":"2025-06-17T09:55:30","guid":{"rendered":"https:\/\/recercacompetecs.udl.cat\/codicri\/?page_id=1175"},"modified":"2025-09-20T08:32:24","modified_gmt":"2025-09-20T06:32:24","slug":"scientific-dissemination","status":"publish","type":"page","link":"https:\/\/recercacompetecs.udl.cat\/codicri\/en\/derived-products\/scientific-dissemination","title":{"rendered":"Dissemination\u00a0"},"content":{"rendered":"\t\t<div data-elementor-type=\"wp-page\" data-elementor-id=\"1175\" class=\"elementor elementor-1175\" data-elementor-post-type=\"page\">\n\t\t\t\t<div class=\"elementor-element elementor-element-7b567d3 e-flex e-con-boxed e-con e-parent\" data-id=\"7b567d3\" data-element_type=\"container\" data-e-type=\"container\">\n\t\t\t\t\t<div class=\"e-con-inner\">\n\t\t\t\t<div class=\"elementor-element elementor-element-99eb1ab elementor-widget elementor-widget-spacer\" data-id=\"99eb1ab\" data-element_type=\"widget\" data-e-type=\"widget\" data-widget_type=\"spacer.default\">\n\t\t\t\t<div class=\"elementor-widget-container\">\n\t\t\t\t\t\t\t<div class=\"elementor-spacer\">\n\t\t\t<div class=\"elementor-spacer-inner\"><\/div>\n\t\t<\/div>\n\t\t\t\t\t\t<\/div>\n\t\t\t\t<\/div>\n\t\t\t\t<div class=\"elementor-element elementor-element-debfe47 elementor-widget-divider--view-line_text elementor-widget-divider--element-align-center elementor-widget elementor-widget-divider\" data-id=\"debfe47\" data-element_type=\"widget\" data-e-type=\"widget\" data-widget_type=\"divider.default\">\n\t\t\t\t<div class=\"elementor-widget-container\">\n\t\t\t\t\t\t\t<div class=\"elementor-divider\">\n\t\t\t<span class=\"elementor-divider-separator\">\n\t\t\t\t\t\t\t<span class=\"elementor-divider__text elementor-divider__element\">\n\t\t\t\tScientific dissemination\t\t\t\t<\/span>\n\t\t\t\t\t\t<\/span>\n\t\t<\/div>\n\t\t\t\t\t\t<\/div>\n\t\t\t\t<\/div>\n\t\t\t\t\t<\/div>\n\t\t\t\t<\/div>\n\t\t<div class=\"elementor-element elementor-element-957a102 e-flex e-con-boxed e-con e-parent\" data-id=\"957a102\" data-element_type=\"container\" data-e-type=\"container\">\n\t\t\t\t\t<div class=\"e-con-inner\">\n\t\t<div class=\"elementor-element elementor-element-66b6cb4 e-con-full e-flex e-con e-child\" data-id=\"66b6cb4\" data-element_type=\"container\" data-e-type=\"container\">\n\t\t<div class=\"elementor-element elementor-element-289fe1b e-con-full e-flex e-con e-child\" data-id=\"289fe1b\" data-element_type=\"container\" data-e-type=\"container\">\n\t\t\t\t<div class=\"elementor-element elementor-element-679ce45 elementor-widget elementor-widget-spacer\" data-id=\"679ce45\" data-element_type=\"widget\" data-e-type=\"widget\" data-widget_type=\"spacer.default\">\n\t\t\t\t<div class=\"elementor-widget-container\">\n\t\t\t\t\t\t\t<div class=\"elementor-spacer\">\n\t\t\t<div class=\"elementor-spacer-inner\"><\/div>\n\t\t<\/div>\n\t\t\t\t\t\t<\/div>\n\t\t\t\t<\/div>\n\t\t\t\t<div class=\"elementor-element elementor-element-c9f18b0 elementor-widget elementor-widget-text-editor\" data-id=\"c9f18b0\" data-element_type=\"widget\" data-e-type=\"widget\" data-widget_type=\"text-editor.default\">\n\t\t\t\t<div class=\"elementor-widget-container\">\n\t\t\t\t\t\t\t\t\t<p><span style=\"color: #ffffff;\">Pint of\u00a0Science\u00a02025 Lleida<\/span><\/p>\t\t\t\t\t\t\t\t<\/div>\n\t\t\t\t<\/div>\n\t\t\t\t<\/div>\n\t\t\t\t<\/div>\n\t\t\t\t\t<\/div>\n\t\t\t\t<\/div>\n\t\t<div class=\"elementor-element elementor-element-cae4183 e-flex e-con-boxed e-con e-parent\" data-id=\"cae4183\" data-element_type=\"container\" data-e-type=\"container\">\n\t\t\t\t\t<div class=\"e-con-inner\">\n\t\t<div class=\"elementor-element elementor-element-94d0f68 e-con-full e-flex e-con e-child\" data-id=\"94d0f68\" data-element_type=\"container\" data-e-type=\"container\">\n\t\t\t\t<div class=\"elementor-element elementor-element-4fb3022 elementor-widget elementor-widget-image\" data-id=\"4fb3022\" data-element_type=\"widget\" data-e-type=\"widget\" data-widget_type=\"image.default\">\n\t\t\t\t<div class=\"elementor-widget-container\">\n\t\t\t\t\t\t\t\t\t\t\t\t\t\t\t\t<a href=\"https:\/\/recercacompetecs.udl.cat\/codicri\/wp-content\/uploads\/2025\/06\/POFS-e1749822673904.png\" data-elementor-open-lightbox=\"yes\" data-e-action-hash=\"#elementor-action%3Aaction%3Dlightbox%26settings%3DeyJpZCI6NzkzLCJ1cmwiOiJodHRwczpcL1wvcmVjZXJjYWNvbXBldGVjcy51ZGwuY2F0XC9jb2RpY3JpXC93cC1jb250ZW50XC91cGxvYWRzXC8yMDI1XC8wNlwvUE9GUy1lMTc0OTgyMjY3MzkwNC5wbmcifQ%3D%3D\">\n\t\t\t\t\t\t\t<img fetchpriority=\"high\" decoding=\"async\" width=\"606\" height=\"852\" src=\"https:\/\/recercacompetecs.udl.cat\/codicri\/wp-content\/uploads\/2025\/06\/POFS-e1749822673904.png\" class=\"elementor-animation-grow attachment-full size-full wp-image-793\" alt=\"\" srcset=\"https:\/\/recercacompetecs.udl.cat\/codicri\/wp-content\/uploads\/2025\/06\/POFS-e1749822673904.png 606w, https:\/\/recercacompetecs.udl.cat\/codicri\/wp-content\/uploads\/2025\/06\/POFS-e1749822673904-213x300.png 213w\" sizes=\"(max-width: 606px) 100vw, 606px\" \/>\t\t\t\t\t\t\t\t<\/a>\n\t\t\t\t\t\t\t\t\t\t\t\t\t\t\t<\/div>\n\t\t\t\t<\/div>\n\t\t\t\t<\/div>\n\t\t<div class=\"elementor-element elementor-element-4f29612 e-con-full e-flex e-con e-child\" data-id=\"4f29612\" data-element_type=\"container\" data-e-type=\"container\">\n\t\t\t\t<div class=\"elementor-element elementor-element-d382a1a elementor-widget elementor-widget-text-editor\" data-id=\"d382a1a\" data-element_type=\"widget\" data-e-type=\"widget\" data-widget_type=\"text-editor.default\">\n\t\t\t\t<div class=\"elementor-widget-container\">\n\t\t\t\t\t\t\t\t\t<p><span style=\"color: #000000;\">Pint of Science is a festival that aims to raise awareness of the research carried out at our universities and research centers and thus bring it closer to the general public. The sessions are held in a bar, in a relaxed atmosphere and using simple language.<\/span><\/p>\t\t\t\t\t\t\t\t<\/div>\n\t\t\t\t<\/div>\n\t\t\t\t<div class=\"elementor-element elementor-element-6cc91be elementor-widget elementor-widget-spacer\" data-id=\"6cc91be\" data-element_type=\"widget\" data-e-type=\"widget\" data-widget_type=\"spacer.default\">\n\t\t\t\t<div class=\"elementor-widget-container\">\n\t\t\t\t\t\t\t<div class=\"elementor-spacer\">\n\t\t\t<div class=\"elementor-spacer-inner\"><\/div>\n\t\t<\/div>\n\t\t\t\t\t\t<\/div>\n\t\t\t\t<\/div>\n\t\t\t\t<div class=\"elementor-element elementor-element-05d46f7 elementor-widget elementor-widget-text-editor\" data-id=\"05d46f7\" data-element_type=\"widget\" data-e-type=\"widget\" data-widget_type=\"text-editor.default\">\n\t\t\t\t<div class=\"elementor-widget-container\">\n\t\t\t\t\t\t\t\t\t<p><span style=\"color: #000000;\">Description<\/span><\/p>\t\t\t\t\t\t\t\t<\/div>\n\t\t\t\t<\/div>\n\t\t\t\t<div class=\"elementor-element elementor-element-179ad4f elementor-widget elementor-widget-text-editor\" data-id=\"179ad4f\" data-element_type=\"widget\" data-e-type=\"widget\" data-widget_type=\"text-editor.default\">\n\t\t\t\t<div class=\"elementor-widget-container\">\n\t\t\t\t\t\t\t\t\t<div><div><div><div><div><div><span style=\"color: #000000;\">Complex phenomena that occur in our relationship with digital technologies, such as datafication (the transformation of any information into data) or the proliferation of fake news and slops (junk content) through generative artificial intelligence, require an approach that involves a critical attitude, as well as responsibility and empowerment in the digital world, a critical post-digital citizenship. This is the aspect addressed by the CoDiCri project, which emphasizes critical digital competence and proposes practical educational approaches for its development.<\/span><\/div><\/div><\/div><p><span style=\"color: #000000;\">\u00a0<\/span><\/p><\/div><\/div><\/div>\t\t\t\t\t\t\t\t<\/div>\n\t\t\t\t<\/div>\n\t\t\t\t<div class=\"elementor-element elementor-element-6c379cf elementor-widget__width-initial elementor-widget elementor-widget-text-editor\" data-id=\"6c379cf\" data-element_type=\"widget\" data-e-type=\"widget\" data-widget_type=\"text-editor.default\">\n\t\t\t\t<div class=\"elementor-widget-container\">\n\t\t\t\t\t\t\t\t\t<p><span style=\"color: #000000;\">Mar\u00edn, V. I. (2025). Som competents digitalment? Una mirada cr\u00edtica.\u00a0Pint of Science 2025 Lleida.<\/span><\/p>\t\t\t\t\t\t\t\t<\/div>\n\t\t\t\t<\/div>\n\t\t\t\t<\/div>\n\t\t\t\t\t<\/div>\n\t\t\t\t<\/div>\n\t\t<div class=\"elementor-element elementor-element-1c05c55 e-flex e-con-boxed e-con e-parent\" data-id=\"1c05c55\" data-element_type=\"container\" data-e-type=\"container\">\n\t\t\t\t\t<div class=\"e-con-inner\">\n\t\t\t\t<div class=\"elementor-element elementor-element-a724eec elementor-widget elementor-widget-text-editor\" data-id=\"a724eec\" data-element_type=\"widget\" data-e-type=\"widget\" data-widget_type=\"text-editor.default\">\n\t\t\t\t<div class=\"elementor-widget-container\">\n\t\t\t\t\t\t\t\t\t<p>European Researchers&#8217; Night 2025 Lleida<\/p>\t\t\t\t\t\t\t\t<\/div>\n\t\t\t\t<\/div>\n\t\t\t\t\t<\/div>\n\t\t\t\t<\/div>\n\t\t<div class=\"elementor-element elementor-element-5c5012d e-flex e-con-boxed e-con e-parent\" data-id=\"5c5012d\" data-element_type=\"container\" data-e-type=\"container\">\n\t\t\t\t\t<div class=\"e-con-inner\">\n\t\t<div class=\"elementor-element elementor-element-e381ebd e-con-full e-flex e-con e-child\" data-id=\"e381ebd\" data-element_type=\"container\" data-e-type=\"container\">\n\t\t\t\t<div class=\"elementor-element elementor-element-1835a40 elementor-widget elementor-widget-image\" data-id=\"1835a40\" data-element_type=\"widget\" data-e-type=\"widget\" data-widget_type=\"image.default\">\n\t\t\t\t<div class=\"elementor-widget-container\">\n\t\t\t\t\t\t\t\t\t\t\t\t\t\t\t\t<a href=\"https:\/\/researchersnight.udl.cat\/wp-content\/uploads\/2025\/08\/Marin-Victoria.pdf\" target=\"_blank\">\n\t\t\t\t\t\t\t<img decoding=\"async\" src=\"https:\/\/researchersnight.udl.cat\/wp-content\/uploads\/2025\/08\/Marin-Victoria-566x800px.jpg\" title=\"\" alt=\"\" class=\"elementor-animation-grow\" loading=\"lazy\" \/>\t\t\t\t\t\t\t\t<\/a>\n\t\t\t\t\t\t\t\t\t\t\t\t\t\t\t<\/div>\n\t\t\t\t<\/div>\n\t\t\t\t<\/div>\n\t\t<div class=\"elementor-element elementor-element-4690be6 e-con-full e-flex e-con e-child\" data-id=\"4690be6\" data-element_type=\"container\" data-e-type=\"container\">\n\t\t\t\t<div class=\"elementor-element elementor-element-31acbd5 elementor-widget elementor-widget-text-editor\" data-id=\"31acbd5\" data-element_type=\"widget\" data-e-type=\"widget\" data-widget_type=\"text-editor.default\">\n\t\t\t\t<div class=\"elementor-widget-container\">\n\t\t\t\t\t\t\t\t\t<div><div><div><span style=\"color: #000000;\">European Research Night is a public event dedicated to science communication, held every year in more than 300 cities across 30 European countries at the same time. Its aim is to bring research and its protagonists closer to audiences of all ages and to raise awareness of research and innovation in a straightforward and entertaining way.<\/span><\/div><\/div><\/div>\t\t\t\t\t\t\t\t<\/div>\n\t\t\t\t<\/div>\n\t\t\t\t<div class=\"elementor-element elementor-element-97d0e6e elementor-widget elementor-widget-spacer\" data-id=\"97d0e6e\" data-element_type=\"widget\" data-e-type=\"widget\" data-widget_type=\"spacer.default\">\n\t\t\t\t<div class=\"elementor-widget-container\">\n\t\t\t\t\t\t\t<div class=\"elementor-spacer\">\n\t\t\t<div class=\"elementor-spacer-inner\"><\/div>\n\t\t<\/div>\n\t\t\t\t\t\t<\/div>\n\t\t\t\t<\/div>\n\t\t\t\t<div class=\"elementor-element elementor-element-d08c1b3 elementor-widget elementor-widget-text-editor\" data-id=\"d08c1b3\" data-element_type=\"widget\" data-e-type=\"widget\" data-widget_type=\"text-editor.default\">\n\t\t\t\t<div class=\"elementor-widget-container\">\n\t\t\t\t\t\t\t\t\t<p><span style=\"color: #000000;\">Description<\/span><\/p>\t\t\t\t\t\t\t\t<\/div>\n\t\t\t\t<\/div>\n\t\t\t\t<div class=\"elementor-element elementor-element-c493cc1 elementor-widget elementor-widget-text-editor\" data-id=\"c493cc1\" data-element_type=\"widget\" data-e-type=\"widget\" data-widget_type=\"text-editor.default\">\n\t\t\t\t<div class=\"elementor-widget-container\">\n\t\t\t\t\t\t\t\t\t<p><span style=\"color: #000000;\">The poster presents the introduction of the project and its main products so far.<\/span><\/p><p>\u00a0<\/p>\t\t\t\t\t\t\t\t<\/div>\n\t\t\t\t<\/div>\n\t\t\t\t<div class=\"elementor-element elementor-element-5c6a51e elementor-widget__width-initial elementor-widget elementor-widget-text-editor\" data-id=\"5c6a51e\" data-element_type=\"widget\" data-e-type=\"widget\" data-widget_type=\"text-editor.default\">\n\t\t\t\t<div class=\"elementor-widget-container\">\n\t\t\t\t\t\t\t\t\t<p><span style=\"color: #000000;\">Mar\u00edn, V. I., Abascal, M., &amp; Peguera-Carr\u00e9 (2025). Compet\u00e8ncia digital cr\u00edtica: cap a l&#8217;ag\u00e8ncia per a l&#8217;aprenentatge a trav\u00e9s de pr\u00e0ctiques educatives obertes. Nit Europea de la Recerca a Lleida 2025.<\/span><\/p>\t\t\t\t\t\t\t\t<\/div>\n\t\t\t\t<\/div>\n\t\t\t\t<\/div>\n\t\t\t\t\t<\/div>\n\t\t\t\t<\/div>\n\t\t<div class=\"elementor-element elementor-element-236c197 e-flex e-con-boxed e-con e-parent\" data-id=\"236c197\" data-element_type=\"container\" data-e-type=\"container\">\n\t\t\t\t\t<div class=\"e-con-inner\">\n\t\t\t\t<div class=\"elementor-element elementor-element-edfcabe elementor-widget elementor-widget-spacer\" data-id=\"edfcabe\" data-element_type=\"widget\" data-e-type=\"widget\" data-widget_type=\"spacer.default\">\n\t\t\t\t<div class=\"elementor-widget-container\">\n\t\t\t\t\t\t\t<div class=\"elementor-spacer\">\n\t\t\t<div class=\"elementor-spacer-inner\"><\/div>\n\t\t<\/div>\n\t\t\t\t\t\t<\/div>\n\t\t\t\t<\/div>\n\t\t\t\t<div class=\"elementor-element elementor-element-8ab18ae elementor-widget elementor-widget-text-editor\" data-id=\"8ab18ae\" data-element_type=\"widget\" data-e-type=\"widget\" data-widget_type=\"text-editor.default\">\n\t\t\t\t<div class=\"elementor-widget-container\">\n\t\t\t\t\t\t\t\t\t<p><span style=\"color: #ffffff;\">The Conversation Article<\/span><\/p>\t\t\t\t\t\t\t\t<\/div>\n\t\t\t\t<\/div>\n\t\t\t\t\t<\/div>\n\t\t\t\t<\/div>\n\t\t<div class=\"elementor-element elementor-element-e73c300 e-flex e-con-boxed e-con e-parent\" data-id=\"e73c300\" data-element_type=\"container\" data-e-type=\"container\">\n\t\t\t\t\t<div class=\"e-con-inner\">\n\t\t<div class=\"elementor-element elementor-element-befae5a e-con-full e-flex e-con e-child\" data-id=\"befae5a\" data-element_type=\"container\" data-e-type=\"container\">\n\t\t\t\t<div class=\"elementor-element elementor-element-d3a66cc elementor-widget elementor-widget-spacer\" data-id=\"d3a66cc\" data-element_type=\"widget\" data-e-type=\"widget\" data-widget_type=\"spacer.default\">\n\t\t\t\t<div class=\"elementor-widget-container\">\n\t\t\t\t\t\t\t<div class=\"elementor-spacer\">\n\t\t\t<div class=\"elementor-spacer-inner\"><\/div>\n\t\t<\/div>\n\t\t\t\t\t\t<\/div>\n\t\t\t\t<\/div>\n\t\t\t\t<div class=\"elementor-element elementor-element-a497d50 elementor-widget elementor-widget-image\" data-id=\"a497d50\" data-element_type=\"widget\" data-e-type=\"widget\" data-widget_type=\"image.default\">\n\t\t\t\t<div class=\"elementor-widget-container\">\n\t\t\t\t\t\t\t\t\t\t\t\t\t\t\t<img decoding=\"async\" src=\"https:\/\/cdn.theconversation.com\/static\/tc\/logos\/logo-en-deecd7f6345376bc1471b3c9cd047e76.svg\" title=\"\" alt=\"\" loading=\"lazy\" \/>\t\t\t\t\t\t\t\t\t\t\t\t\t\t\t<\/div>\n\t\t\t\t<\/div>\n\t\t\t\t<div class=\"elementor-element elementor-element-32be6c2 elementor-widget elementor-widget-spacer\" data-id=\"32be6c2\" data-element_type=\"widget\" data-e-type=\"widget\" data-widget_type=\"spacer.default\">\n\t\t\t\t<div class=\"elementor-widget-container\">\n\t\t\t\t\t\t\t<div class=\"elementor-spacer\">\n\t\t\t<div class=\"elementor-spacer-inner\"><\/div>\n\t\t<\/div>\n\t\t\t\t\t\t<\/div>\n\t\t\t\t<\/div>\n\t\t\t\t<div class=\"elementor-element elementor-element-298d3a5 elementor-widget elementor-widget-image\" data-id=\"298d3a5\" data-element_type=\"widget\" data-e-type=\"widget\" data-widget_type=\"image.default\">\n\t\t\t\t<div class=\"elementor-widget-container\">\n\t\t\t\t\t\t\t\t\t\t\t\t\t\t\t\t<a href=\"https:\/\/doi.org\/10.64628\/AAO.9qxd63nyk\" target=\"_blank\">\n\t\t\t\t\t\t\t<img decoding=\"async\" width=\"2163\" height=\"1110\" src=\"https:\/\/recercacompetecs.udl.cat\/codicri\/wp-content\/uploads\/2025\/09\/Screenshot-2025-09-20-at-08.09.49-scaled-e1758349188678.png\" class=\"elementor-animation-grow attachment-full size-full wp-image-2511\" alt=\"\" srcset=\"https:\/\/recercacompetecs.udl.cat\/codicri\/wp-content\/uploads\/2025\/09\/Screenshot-2025-09-20-at-08.09.49-scaled-e1758349188678.png 2163w, https:\/\/recercacompetecs.udl.cat\/codicri\/wp-content\/uploads\/2025\/09\/Screenshot-2025-09-20-at-08.09.49-scaled-e1758349188678-300x154.png 300w, https:\/\/recercacompetecs.udl.cat\/codicri\/wp-content\/uploads\/2025\/09\/Screenshot-2025-09-20-at-08.09.49-scaled-e1758349188678-1024x525.png 1024w, https:\/\/recercacompetecs.udl.cat\/codicri\/wp-content\/uploads\/2025\/09\/Screenshot-2025-09-20-at-08.09.49-scaled-e1758349188678-768x394.png 768w, https:\/\/recercacompetecs.udl.cat\/codicri\/wp-content\/uploads\/2025\/09\/Screenshot-2025-09-20-at-08.09.49-scaled-e1758349188678-1536x788.png 1536w, https:\/\/recercacompetecs.udl.cat\/codicri\/wp-content\/uploads\/2025\/09\/Screenshot-2025-09-20-at-08.09.49-scaled-e1758349188678-2048x1051.png 2048w\" sizes=\"(max-width: 2163px) 100vw, 2163px\" \/>\t\t\t\t\t\t\t\t<\/a>\n\t\t\t\t\t\t\t\t\t\t\t\t\t\t\t<\/div>\n\t\t\t\t<\/div>\n\t\t\t\t<\/div>\n\t\t<div class=\"elementor-element elementor-element-e69ac67 e-con-full e-flex e-con e-child\" data-id=\"e69ac67\" data-element_type=\"container\" data-e-type=\"container\">\n\t\t\t\t<div class=\"elementor-element elementor-element-e23f555 elementor-widget elementor-widget-text-editor\" data-id=\"e23f555\" data-element_type=\"widget\" data-e-type=\"widget\" data-widget_type=\"text-editor.default\">\n\t\t\t\t<div class=\"elementor-widget-container\">\n\t\t\t\t\t\t\t\t\t<div>\n<div>\n<div><span style=\"color: #000000;\">The Conversation is a non-profit publishing platform, free of advertising and other commercial interests, with open access and free of charge, which provides the media and readers with informative articles and analyses written by the academic and research community.<\/span><\/div>\n<\/div>\n<\/div>\t\t\t\t\t\t\t\t<\/div>\n\t\t\t\t<\/div>\n\t\t\t\t<div class=\"elementor-element elementor-element-556305e elementor-widget elementor-widget-spacer\" data-id=\"556305e\" data-element_type=\"widget\" data-e-type=\"widget\" data-widget_type=\"spacer.default\">\n\t\t\t\t<div class=\"elementor-widget-container\">\n\t\t\t\t\t\t\t<div class=\"elementor-spacer\">\n\t\t\t<div class=\"elementor-spacer-inner\"><\/div>\n\t\t<\/div>\n\t\t\t\t\t\t<\/div>\n\t\t\t\t<\/div>\n\t\t\t\t<div class=\"elementor-element elementor-element-22c2ba2 elementor-widget elementor-widget-text-editor\" data-id=\"22c2ba2\" data-element_type=\"widget\" data-e-type=\"widget\" data-widget_type=\"text-editor.default\">\n\t\t\t\t<div class=\"elementor-widget-container\">\n\t\t\t\t\t\t\t\t\t<p><span style=\"color: #000000;\">Description<\/span><\/p>\t\t\t\t\t\t\t\t<\/div>\n\t\t\t\t<\/div>\n\t\t\t\t<div class=\"elementor-element elementor-element-db6a66a elementor-widget elementor-widget-text-editor\" data-id=\"db6a66a\" data-element_type=\"widget\" data-e-type=\"widget\" data-widget_type=\"text-editor.default\">\n\t\t\t\t<div class=\"elementor-widget-container\">\n\t\t\t\t\t\t\t\t\t<div>\u00a0<span style=\"color: #000000;\">The article presents examples of practices linked to the CoDiCri project in an informative format.<\/span><\/div><div class=\"traductor-textarea form-group\"><div class=\"textarea-desti col-xs-12 col-sm-6\"><div>\u00a0<\/div><\/div><\/div>\t\t\t\t\t\t\t\t<\/div>\n\t\t\t\t<\/div>\n\t\t\t\t<div class=\"elementor-element elementor-element-70d06ae elementor-widget__width-initial elementor-widget elementor-widget-text-editor\" data-id=\"70d06ae\" data-element_type=\"widget\" data-e-type=\"widget\" data-widget_type=\"text-editor.default\">\n\t\t\t\t<div class=\"elementor-widget-container\">\n\t\t\t\t\t\t\t\t\t<p><span style=\"color: #000000;\">Mar\u00edn, V. I. (2025). C\u00f3mo desarrollar una mirada cr\u00edtica hacia la tecnolog\u00eda desde las aulas. <em>The Conversation<\/em>. <a href=\"https:\/\/doi.org\/10.64628\/AAO.9qxd63nyk\" target=\"_blank\" rel=\"noopener\">https:\/\/doi.org\/10.64628\/AAO.9qxd63nyk<\/a><\/span><\/p>\t\t\t\t\t\t\t\t<\/div>\n\t\t\t\t<\/div>\n\t\t\t\t<\/div>\n\t\t\t\t\t<\/div>\n\t\t\t\t<\/div>\n\t\t\t\t<\/div>\n\t\t","protected":false},"excerpt":{"rendered":"<p>Scientific dissemination Pint of\u00a0Science\u00a02025 Lleida Pint of Science is a festival that aims to raise awareness of the research carried out at our universities and research centers and thus bring it closer to the general public. The sessions are held in a bar, in a relaxed atmosphere and using simple language. Description Complex phenomena that [&hellip;]<\/p>\n","protected":false},"author":3,"featured_media":0,"parent":1224,"menu_order":0,"comment_status":"closed","ping_status":"closed","template":"","meta":{"footnotes":""},"class_list":["post-1175","page","type-page","status-publish","hentry"],"_links":{"self":[{"href":"https:\/\/recercacompetecs.udl.cat\/codicri\/wp-json\/wp\/v2\/pages\/1175","targetHints":{"allow":["GET"]}}],"collection":[{"href":"https:\/\/recercacompetecs.udl.cat\/codicri\/wp-json\/wp\/v2\/pages"}],"about":[{"href":"https:\/\/recercacompetecs.udl.cat\/codicri\/wp-json\/wp\/v2\/types\/page"}],"author":[{"embeddable":true,"href":"https:\/\/recercacompetecs.udl.cat\/codicri\/wp-json\/wp\/v2\/users\/3"}],"replies":[{"embeddable":true,"href":"https:\/\/recercacompetecs.udl.cat\/codicri\/wp-json\/wp\/v2\/comments?post=1175"}],"version-history":[{"count":53,"href":"https:\/\/recercacompetecs.udl.cat\/codicri\/wp-json\/wp\/v2\/pages\/1175\/revisions"}],"predecessor-version":[{"id":2532,"href":"https:\/\/recercacompetecs.udl.cat\/codicri\/wp-json\/wp\/v2\/pages\/1175\/revisions\/2532"}],"up":[{"embeddable":true,"href":"https:\/\/recercacompetecs.udl.cat\/codicri\/wp-json\/wp\/v2\/pages\/1224"}],"wp:attachment":[{"href":"https:\/\/recercacompetecs.udl.cat\/codicri\/wp-json\/wp\/v2\/media?parent=1175"}],"curies":[{"name":"wp","href":"https:\/\/api.w.org\/{rel}","templated":true}]}}