{"id":1128,"date":"2025-06-17T09:34:32","date_gmt":"2025-06-17T07:34:32","guid":{"rendered":"https:\/\/recercacompetecs.udl.cat\/codicri\/?page_id=1128"},"modified":"2025-11-28T15:13:26","modified_gmt":"2025-11-28T14:13:26","slug":"team","status":"publish","type":"page","link":"https:\/\/recercacompetecs.udl.cat\/codicri\/en\/team","title":{"rendered":"Team"},"content":{"rendered":"\t\t<div data-elementor-type=\"wp-page\" data-elementor-id=\"1128\" class=\"elementor elementor-1128\" data-elementor-post-type=\"page\">\n\t\t\t\t<div class=\"elementor-element elementor-element-70eb716 e-flex e-con-boxed e-con e-parent\" data-id=\"70eb716\" data-element_type=\"container\" data-e-type=\"container\">\n\t\t\t\t\t<div class=\"e-con-inner\">\n\t\t\t\t<div class=\"elementor-element elementor-element-9757625 elementor-widget elementor-widget-spacer\" data-id=\"9757625\" data-element_type=\"widget\" data-e-type=\"widget\" data-widget_type=\"spacer.default\">\n\t\t\t\t<div class=\"elementor-widget-container\">\n\t\t\t\t\t\t\t<div class=\"elementor-spacer\">\n\t\t\t<div class=\"elementor-spacer-inner\"><\/div>\n\t\t<\/div>\n\t\t\t\t\t\t<\/div>\n\t\t\t\t<\/div>\n\t\t\t\t<div class=\"elementor-element elementor-element-7b78e73 elementor-widget-divider--view-line_text elementor-widget-divider--element-align-center elementor-widget elementor-widget-divider\" data-id=\"7b78e73\" data-element_type=\"widget\" data-e-type=\"widget\" data-widget_type=\"divider.default\">\n\t\t\t\t<div class=\"elementor-widget-container\">\n\t\t\t\t\t\t\t<div class=\"elementor-divider\">\n\t\t\t<span class=\"elementor-divider-separator\">\n\t\t\t\t\t\t\t<span class=\"elementor-divider__text elementor-divider__element\">\n\t\t\t\tTeam\t\t\t\t<\/span>\n\t\t\t\t\t\t<\/span>\n\t\t<\/div>\n\t\t\t\t\t\t<\/div>\n\t\t\t\t<\/div>\n\t\t\t\t<div class=\"elementor-element elementor-element-2248e99 elementor-widget elementor-widget-spacer\" data-id=\"2248e99\" data-element_type=\"widget\" data-e-type=\"widget\" data-widget_type=\"spacer.default\">\n\t\t\t\t<div class=\"elementor-widget-container\">\n\t\t\t\t\t\t\t<div class=\"elementor-spacer\">\n\t\t\t<div class=\"elementor-spacer-inner\"><\/div>\n\t\t<\/div>\n\t\t\t\t\t\t<\/div>\n\t\t\t\t<\/div>\n\t\t\t\t<div class=\"elementor-element elementor-element-e397af7 elementor-widget elementor-widget-text-editor\" data-id=\"e397af7\" data-element_type=\"widget\" data-e-type=\"widget\" data-widget_type=\"text-editor.default\">\n\t\t\t\t<div class=\"elementor-widget-container\">\n\t\t\t\t\t\t\t\t\t<p style=\"text-align: center;\">Principal investigator<\/p>\t\t\t\t\t\t\t\t<\/div>\n\t\t\t\t<\/div>\n\t\t\t\t<div class=\"elementor-element elementor-element-2b2e8bd elementor-position-top elementor-widget elementor-widget-image-box\" data-id=\"2b2e8bd\" data-element_type=\"widget\" data-e-type=\"widget\" data-widget_type=\"image-box.default\">\n\t\t\t\t<div class=\"elementor-widget-container\">\n\t\t\t\t\t<div class=\"elementor-image-box-wrapper\"><figure class=\"elementor-image-box-img\"><a href=\"https:\/\/competecs.udl.cat\/miembros\/victoria-marin\/\" target=\"_blank\" tabindex=\"-1\"><img decoding=\"async\" width=\"149\" height=\"145\" src=\"https:\/\/recercacompetecs.udl.cat\/codicri\/wp-content\/uploads\/2025\/06\/victoria-irene-marin-juarros-1-e1749651722133.jpeg\" class=\"elementor-animation-grow attachment-thumbnail size-thumbnail wp-image-217\" alt=\"\" \/><\/a><\/figure><div class=\"elementor-image-box-content\"><h3 class=\"elementor-image-box-title\"><a href=\"https:\/\/competecs.udl.cat\/miembros\/victoria-marin\/\" target=\"_blank\">Victoria I. Marin Juarros<\/a><\/h3><p class=\"elementor-image-box-description\">Universitat de Lleida<\/p><\/div><\/div>\t\t\t\t<\/div>\n\t\t\t\t<\/div>\n\t\t\t\t<div class=\"elementor-element elementor-element-83b84c9 elementor-widget elementor-widget-spacer\" data-id=\"83b84c9\" data-element_type=\"widget\" data-e-type=\"widget\" data-widget_type=\"spacer.default\">\n\t\t\t\t<div class=\"elementor-widget-container\">\n\t\t\t\t\t\t\t<div class=\"elementor-spacer\">\n\t\t\t<div class=\"elementor-spacer-inner\"><\/div>\n\t\t<\/div>\n\t\t\t\t\t\t<\/div>\n\t\t\t\t<\/div>\n\t\t\t\t\t<\/div>\n\t\t\t\t<\/div>\n\t\t<div class=\"elementor-element elementor-element-bca845a e-flex e-con-boxed e-con e-parent\" data-id=\"bca845a\" data-element_type=\"container\" data-e-type=\"container\">\n\t\t\t\t\t<div class=\"e-con-inner\">\n\t\t\t\t<div class=\"elementor-element elementor-element-45d5575 elementor-widget elementor-widget-text-editor\" data-id=\"45d5575\" data-element_type=\"widget\" data-e-type=\"widget\" data-widget_type=\"text-editor.default\">\n\t\t\t\t<div class=\"elementor-widget-container\">\n\t\t\t\t\t\t\t\t\t<p>Members<\/p>\t\t\t\t\t\t\t\t<\/div>\n\t\t\t\t<\/div>\n\t\t\t\t\t<\/div>\n\t\t\t\t<\/div>\n\t\t<div class=\"elementor-element elementor-element-1a93b6f e-flex e-con-boxed e-con e-parent\" data-id=\"1a93b6f\" data-element_type=\"container\" data-e-type=\"container\">\n\t\t\t\t\t<div class=\"e-con-inner\">\n\t\t<div class=\"elementor-element elementor-element-a12d0f3 e-con-full e-flex e-con e-child\" data-id=\"a12d0f3\" data-element_type=\"container\" data-e-type=\"container\">\n\t\t\t\t<div class=\"elementor-element elementor-element-6faafda elementor-position-top elementor-widget elementor-widget-image-box\" data-id=\"6faafda\" data-element_type=\"widget\" data-e-type=\"widget\" data-widget_type=\"image-box.default\">\n\t\t\t\t<div class=\"elementor-widget-container\">\n\t\t\t\t\t<div class=\"elementor-image-box-wrapper\"><figure class=\"elementor-image-box-img\"><a href=\"https:\/\/competecs.udl.cat\/miembros\/victoria-marin\/\" target=\"_blank\" tabindex=\"-1\"><img decoding=\"async\" width=\"150\" height=\"150\" src=\"https:\/\/recercacompetecs.udl.cat\/codicri\/wp-content\/uploads\/2025\/06\/mariaab-150x150-1-e1749653849474.png\" class=\"elementor-animation-grow attachment-thumbnail size-thumbnail wp-image-278\" alt=\"\" \/><\/a><\/figure><div class=\"elementor-image-box-content\"><h3 class=\"elementor-image-box-title\"><a href=\"https:\/\/competecs.udl.cat\/miembros\/victoria-marin\/\" target=\"_blank\">Mar\u00eda Abascal Guerrero<\/a><\/h3><p class=\"elementor-image-box-description\">Universitat de Lleida<\/p><\/div><\/div>\t\t\t\t<\/div>\n\t\t\t\t<\/div>\n\t\t\t\t<\/div>\n\t\t<div class=\"elementor-element elementor-element-4856f30 e-con-full e-flex e-con e-child\" data-id=\"4856f30\" data-element_type=\"container\" data-e-type=\"container\">\n\t\t\t\t<div class=\"elementor-element elementor-element-2918ae1 elementor-position-top elementor-widget elementor-widget-image-box\" data-id=\"2918ae1\" data-element_type=\"widget\" data-e-type=\"widget\" data-widget_type=\"image-box.default\">\n\t\t\t\t<div class=\"elementor-widget-container\">\n\t\t\t\t\t<div class=\"elementor-image-box-wrapper\"><figure class=\"elementor-image-box-img\"><a href=\"https:\/\/competecs.udl.cat\/ca\/membres\/david-aguilar\/\" target=\"_blank\" tabindex=\"-1\"><img decoding=\"async\" width=\"150\" height=\"150\" src=\"https:\/\/recercacompetecs.udl.cat\/codicri\/wp-content\/uploads\/2025\/06\/David_Aguilar-300x300-1-e1749653811596-150x150.jpg\" class=\"elementor-animation-grow attachment-thumbnail size-thumbnail wp-image-277\" alt=\"\" srcset=\"https:\/\/recercacompetecs.udl.cat\/codicri\/wp-content\/uploads\/2025\/06\/David_Aguilar-300x300-1-e1749653811596-150x150.jpg 150w, https:\/\/recercacompetecs.udl.cat\/codicri\/wp-content\/uploads\/2025\/06\/David_Aguilar-300x300-1-e1749653811596.jpg 300w\" sizes=\"(max-width: 150px) 100vw, 150px\" \/><\/a><\/figure><div class=\"elementor-image-box-content\"><h3 class=\"elementor-image-box-title\"><a href=\"https:\/\/competecs.udl.cat\/ca\/membres\/david-aguilar\/\" target=\"_blank\">David Aguilar Cama\u00f1o<\/a><\/h3><p class=\"elementor-image-box-description\">Universitat de Lleida<\/p><\/div><\/div>\t\t\t\t<\/div>\n\t\t\t\t<\/div>\n\t\t\t\t<\/div>\n\t\t<div class=\"elementor-element elementor-element-34e282a e-con-full e-flex e-con e-child\" data-id=\"34e282a\" data-element_type=\"container\" data-e-type=\"container\">\n\t\t\t\t<div class=\"elementor-element elementor-element-e2397ff elementor-position-top elementor-widget elementor-widget-image-box\" data-id=\"e2397ff\" data-element_type=\"widget\" data-e-type=\"widget\" data-widget_type=\"image-box.default\">\n\t\t\t\t<div class=\"elementor-widget-container\">\n\t\t\t\t\t<div class=\"elementor-image-box-wrapper\"><figure class=\"elementor-image-box-img\"><a href=\"https:\/\/www.uji.es\/institucional\/estructura\/personal\/?p_profesor=713353\" target=\"_blank\" tabindex=\"-1\"><img loading=\"lazy\" decoding=\"async\" width=\"150\" height=\"150\" src=\"https:\/\/recercacompetecs.udl.cat\/codicri\/wp-content\/uploads\/2025\/06\/sara-buils-e1749654436403-150x150.png\" class=\"elementor-animation-grow attachment-thumbnail size-thumbnail wp-image-299\" alt=\"\" srcset=\"https:\/\/recercacompetecs.udl.cat\/codicri\/wp-content\/uploads\/2025\/06\/sara-buils-e1749654436403-150x150.png 150w, https:\/\/recercacompetecs.udl.cat\/codicri\/wp-content\/uploads\/2025\/06\/sara-buils-e1749654436403-300x300.png 300w, https:\/\/recercacompetecs.udl.cat\/codicri\/wp-content\/uploads\/2025\/06\/sara-buils-e1749654436403.png 320w\" sizes=\"(max-width: 150px) 100vw, 150px\" \/><\/a><\/figure><div class=\"elementor-image-box-content\"><h3 class=\"elementor-image-box-title\"><a href=\"https:\/\/www.uji.es\/institucional\/estructura\/personal\/?p_profesor=713353\" target=\"_blank\">Sara Buils Morales<\/a><\/h3><p class=\"elementor-image-box-description\">Universitat Jaume I<\/p><\/div><\/div>\t\t\t\t<\/div>\n\t\t\t\t<\/div>\n\t\t\t\t<\/div>\n\t\t<div class=\"elementor-element elementor-element-4d170b3 e-con-full e-flex e-con e-child\" data-id=\"4d170b3\" data-element_type=\"container\" data-e-type=\"container\">\n\t\t\t\t<div class=\"elementor-element elementor-element-749091b elementor-position-top elementor-widget elementor-widget-image-box\" data-id=\"749091b\" data-element_type=\"widget\" data-e-type=\"widget\" data-widget_type=\"image-box.default\">\n\t\t\t\t<div class=\"elementor-widget-container\">\n\t\t\t\t\t<div class=\"elementor-image-box-wrapper\"><figure class=\"elementor-image-box-img\"><a href=\"https:\/\/competecs.udl.cat\/ca\/membres\/xavier-carrera\/\" target=\"_blank\" tabindex=\"-1\"><img loading=\"lazy\" decoding=\"async\" width=\"150\" height=\"150\" src=\"https:\/\/recercacompetecs.udl.cat\/codicri\/wp-content\/uploads\/2025\/06\/Xavier-Carrera-150x150-1-e1749653688842.jpg\" class=\"elementor-animation-grow attachment-thumbnail size-thumbnail wp-image-271\" alt=\"\" \/><\/a><\/figure><div class=\"elementor-image-box-content\"><h3 class=\"elementor-image-box-title\"><a href=\"https:\/\/competecs.udl.cat\/ca\/membres\/xavier-carrera\/\" target=\"_blank\">Xavier Carrera Farran<\/a><\/h3><p class=\"elementor-image-box-description\">Universitat de Lleida<\/p><\/div><\/div>\t\t\t\t<\/div>\n\t\t\t\t<\/div>\n\t\t\t\t<\/div>\n\t\t<div class=\"elementor-element elementor-element-2b01ac2 e-con-full e-flex e-con e-child\" data-id=\"2b01ac2\" data-element_type=\"container\" data-e-type=\"container\">\n\t\t\t\t<div class=\"elementor-element elementor-element-f2cf6b5 elementor-position-top elementor-widget elementor-widget-image-box\" data-id=\"f2cf6b5\" data-element_type=\"widget\" data-e-type=\"widget\" data-widget_type=\"image-box.default\">\n\t\t\t\t<div class=\"elementor-widget-container\">\n\t\t\t\t\t<div class=\"elementor-image-box-wrapper\"><figure class=\"elementor-image-box-img\"><a href=\"https:\/\/portalinvestigacion.um.es\/investigadores\/331477\/detalle\" target=\"_blank\" tabindex=\"-1\"><img loading=\"lazy\" decoding=\"async\" width=\"150\" height=\"150\" src=\"https:\/\/recercacompetecs.udl.cat\/codicri\/wp-content\/uploads\/2025\/06\/linda-cast-e1749654567896-150x150.png\" class=\"elementor-animation-grow attachment-thumbnail size-thumbnail wp-image-312\" alt=\"\" srcset=\"https:\/\/recercacompetecs.udl.cat\/codicri\/wp-content\/uploads\/2025\/06\/linda-cast-e1749654567896-150x150.png 150w, https:\/\/recercacompetecs.udl.cat\/codicri\/wp-content\/uploads\/2025\/06\/linda-cast-e1749654567896.png 177w\" sizes=\"(max-width: 150px) 100vw, 150px\" \/><\/a><\/figure><div class=\"elementor-image-box-content\"><h3 class=\"elementor-image-box-title\"><a href=\"https:\/\/portalinvestigacion.um.es\/investigadores\/331477\/detalle\" target=\"_blank\">Linda Casta\u00f1eda Quintero<\/a><\/h3><p class=\"elementor-image-box-description\">Universidad de Murcia<\/p><\/div><\/div>\t\t\t\t<\/div>\n\t\t\t\t<\/div>\n\t\t\t\t<\/div>\n\t\t<div class=\"elementor-element elementor-element-8c5e3ca e-con-full e-flex e-con e-child\" data-id=\"8c5e3ca\" data-element_type=\"container\" data-e-type=\"container\">\n\t\t\t\t<div class=\"elementor-element elementor-element-bc06278 elementor-position-top elementor-widget elementor-widget-image-box\" data-id=\"bc06278\" data-element_type=\"widget\" data-e-type=\"widget\" data-widget_type=\"image-box.default\">\n\t\t\t\t<div class=\"elementor-widget-container\">\n\t\t\t\t\t<div class=\"elementor-image-box-wrapper\"><figure class=\"elementor-image-box-img\"><a href=\"https:\/\/www.uji.es\/institucional\/estructura\/personal\/?p_profesor=117613\" target=\"_blank\" tabindex=\"-1\"><img loading=\"lazy\" decoding=\"async\" width=\"150\" height=\"150\" src=\"https:\/\/recercacompetecs.udl.cat\/codicri\/wp-content\/uploads\/2025\/06\/marc-UJI-e1749654457526-150x150.png\" class=\"elementor-animation-grow attachment-thumbnail size-thumbnail wp-image-282\" alt=\"\" \/><\/a><\/figure><div class=\"elementor-image-box-content\"><h3 class=\"elementor-image-box-title\"><a href=\"https:\/\/www.uji.es\/institucional\/estructura\/personal\/?p_profesor=117613\" target=\"_blank\">Francesc Esteve Mon<\/a><\/h3><p class=\"elementor-image-box-description\">Universitat Jaume I<\/p><\/div><\/div>\t\t\t\t<\/div>\n\t\t\t\t<\/div>\n\t\t\t\t<\/div>\n\t\t<div class=\"elementor-element elementor-element-774b548 e-con-full e-flex e-con e-child\" data-id=\"774b548\" data-element_type=\"container\" data-e-type=\"container\">\n\t\t\t\t<div class=\"elementor-element elementor-element-8facc88 elementor-position-top elementor-widget elementor-widget-image-box\" data-id=\"8facc88\" data-element_type=\"widget\" data-e-type=\"widget\" data-widget_type=\"image-box.default\">\n\t\t\t\t<div class=\"elementor-widget-container\">\n\t\t\t\t\t<div class=\"elementor-image-box-wrapper\"><figure class=\"elementor-image-box-img\"><a href=\"https:\/\/apolo.unab.edu.co\/es\/persons\/martha-lucia-orellana-hern%C3%A1ndez\" target=\"_blank\" tabindex=\"-1\"><img loading=\"lazy\" decoding=\"async\" width=\"150\" height=\"150\" src=\"https:\/\/recercacompetecs.udl.cat\/codicri\/wp-content\/uploads\/2025\/06\/martha-lu-e1749654910284-150x150.png\" class=\"elementor-animation-grow attachment-thumbnail size-thumbnail wp-image-327\" alt=\"\" \/><\/a><\/figure><div class=\"elementor-image-box-content\"><h3 class=\"elementor-image-box-title\"><a href=\"https:\/\/apolo.unab.edu.co\/es\/persons\/martha-lucia-orellana-hern%C3%A1ndez\" target=\"_blank\">Martha Luc\u00eda Orellana Hern\u00e1ndez<\/a><\/h3><p class=\"elementor-image-box-description\">UNAB Colombia<\/p><\/div><\/div>\t\t\t\t<\/div>\n\t\t\t\t<\/div>\n\t\t\t\t<\/div>\n\t\t<div class=\"elementor-element elementor-element-6918252 e-con-full e-flex e-con e-child\" data-id=\"6918252\" data-element_type=\"container\" data-e-type=\"container\">\n\t\t\t\t<div class=\"elementor-element elementor-element-21f17b8 elementor-position-top elementor-widget elementor-widget-image-box\" data-id=\"21f17b8\" data-element_type=\"widget\" data-e-type=\"widget\" data-widget_type=\"image-box.default\">\n\t\t\t\t<div class=\"elementor-widget-container\">\n\t\t\t\t\t<div class=\"elementor-image-box-wrapper\"><figure class=\"elementor-image-box-img\"><a href=\"https:\/\/competecs.udl.cat\/ca\/membres\/maria-carme-peguera\/\" target=\"_blank\" tabindex=\"-1\"><img loading=\"lazy\" decoding=\"async\" width=\"150\" height=\"150\" src=\"https:\/\/recercacompetecs.udl.cat\/codicri\/wp-content\/uploads\/2025\/06\/23-05-04-curriculum-021-e1739467261234-150x150-1-e1749653708481.jpg\" class=\"elementor-animation-grow attachment-thumbnail size-thumbnail wp-image-272\" alt=\"\" \/><\/a><\/figure><div class=\"elementor-image-box-content\"><h3 class=\"elementor-image-box-title\"><a href=\"https:\/\/competecs.udl.cat\/ca\/membres\/maria-carme-peguera\/\" target=\"_blank\">Maria Carme Peguera Carr\u00e9<\/a><\/h3><p class=\"elementor-image-box-description\">Universitat de Lleida<\/p><\/div><\/div>\t\t\t\t<\/div>\n\t\t\t\t<\/div>\n\t\t\t\t<\/div>\n\t\t<div class=\"elementor-element elementor-element-a62a01d e-con-full e-flex e-con e-child\" data-id=\"a62a01d\" data-element_type=\"container\" data-e-type=\"container\">\n\t\t\t\t<div class=\"elementor-element elementor-element-86a6820 elementor-position-top elementor-widget elementor-widget-image-box\" data-id=\"86a6820\" data-element_type=\"widget\" data-e-type=\"widget\" data-widget_type=\"image-box.default\">\n\t\t\t\t<div class=\"elementor-widget-container\">\n\t\t\t\t\t<div class=\"elementor-image-box-wrapper\"><figure class=\"elementor-image-box-img\"><a href=\"https:\/\/www.uib.es\/es\/personal\/ABjExODE5OA\/\" target=\"_blank\" tabindex=\"-1\"><img loading=\"lazy\" decoding=\"async\" width=\"150\" height=\"150\" src=\"https:\/\/recercacompetecs.udl.cat\/codicri\/wp-content\/uploads\/2025\/06\/IMG_1947-e1749727161243-150x150.png\" class=\"elementor-animation-grow attachment-thumbnail size-thumbnail wp-image-477\" alt=\"\" \/><\/a><\/figure><div class=\"elementor-image-box-content\"><h3 class=\"elementor-image-box-title\"><a href=\"https:\/\/www.uib.es\/es\/personal\/ABjExODE5OA\/\" target=\"_blank\">Gemma Tur Ferrer<\/a><\/h3><p class=\"elementor-image-box-description\">Universitat de les Illes Balears<\/p><\/div><\/div>\t\t\t\t<\/div>\n\t\t\t\t<\/div>\n\t\t\t\t<\/div>\n\t\t<div class=\"elementor-element elementor-element-56d8186 e-con-full e-flex e-con e-child\" data-id=\"56d8186\" data-element_type=\"container\" data-e-type=\"container\">\n\t\t\t\t<div class=\"elementor-element elementor-element-0e8b4b6 elementor-position-top elementor-widget elementor-widget-image-box\" data-id=\"0e8b4b6\" data-element_type=\"widget\" data-e-type=\"widget\" data-widget_type=\"image-box.default\">\n\t\t\t\t<div class=\"elementor-widget-container\">\n\t\t\t\t\t<div class=\"elementor-image-box-wrapper\"><figure class=\"elementor-image-box-img\"><a href=\"https:\/\/portaldelaciencia.uva.es\/investigadores\/181105\/detalle\" target=\"_blank\" tabindex=\"-1\"><img loading=\"lazy\" decoding=\"async\" width=\"150\" height=\"150\" src=\"https:\/\/recercacompetecs.udl.cat\/codicri\/wp-content\/uploads\/2025\/06\/sara-vilalgra-e1749727418127-150x150.png\" class=\"elementor-animation-grow attachment-thumbnail size-thumbnail wp-image-485\" alt=\"\" \/><\/a><\/figure><div class=\"elementor-image-box-content\"><h3 class=\"elementor-image-box-title\"><a href=\"https:\/\/portaldelaciencia.uva.es\/investigadores\/181105\/detalle\" target=\"_blank\">Sara Villagr\u00e1 Sobrino<\/a><\/h3><p class=\"elementor-image-box-description\">Universidad de Valladolid<\/p><\/div><\/div>\t\t\t\t<\/div>\n\t\t\t\t<\/div>\n\t\t\t\t<\/div>\n\t\t\t\t\t<\/div>\n\t\t\t\t<\/div>\n\t\t\t\t<\/div>\n\t\t","protected":false},"excerpt":{"rendered":"<p>Team Principal investigator Victoria I. Marin Juarros Universitat de Lleida Members Mar\u00eda Abascal Guerrero Universitat de Lleida David Aguilar Cama\u00f1o Universitat de Lleida Sara Buils Morales Universitat Jaume I Xavier Carrera Farran Universitat de Lleida Linda Casta\u00f1eda Quintero Universidad de Murcia Francesc Esteve Mon Universitat Jaume I Martha Luc\u00eda Orellana Hern\u00e1ndez UNAB Colombia Maria Carme [&hellip;]<\/p>\n","protected":false},"author":3,"featured_media":0,"parent":0,"menu_order":0,"comment_status":"closed","ping_status":"closed","template":"elementor_theme","meta":{"footnotes":""},"class_list":["post-1128","page","type-page","status-publish","hentry"],"_links":{"self":[{"href":"https:\/\/recercacompetecs.udl.cat\/codicri\/wp-json\/wp\/v2\/pages\/1128","targetHints":{"allow":["GET"]}}],"collection":[{"href":"https:\/\/recercacompetecs.udl.cat\/codicri\/wp-json\/wp\/v2\/pages"}],"about":[{"href":"https:\/\/recercacompetecs.udl.cat\/codicri\/wp-json\/wp\/v2\/types\/page"}],"author":[{"embeddable":true,"href":"https:\/\/recercacompetecs.udl.cat\/codicri\/wp-json\/wp\/v2\/users\/3"}],"replies":[{"embeddable":true,"href":"https:\/\/recercacompetecs.udl.cat\/codicri\/wp-json\/wp\/v2\/comments?post=1128"}],"version-history":[{"count":28,"href":"https:\/\/recercacompetecs.udl.cat\/codicri\/wp-json\/wp\/v2\/pages\/1128\/revisions"}],"predecessor-version":[{"id":2618,"href":"https:\/\/recercacompetecs.udl.cat\/codicri\/wp-json\/wp\/v2\/pages\/1128\/revisions\/2618"}],"wp:attachment":[{"href":"https:\/\/recercacompetecs.udl.cat\/codicri\/wp-json\/wp\/v2\/media?parent=1128"}],"curies":[{"name":"wp","href":"https:\/\/api.w.org\/{rel}","templated":true}]}}